{"id":2330,"date":"2023-08-08T11:26:27","date_gmt":"2023-08-08T11:26:27","guid":{"rendered":"https:\/\/villaostrocroatia.com\/halbtagesausfluege\/"},"modified":"2024-03-21T14:45:40","modified_gmt":"2024-03-21T14:45:40","slug":"halbtagesausfluege","status":"publish","type":"page","link":"https:\/\/villaostrocroatia.com\/de\/halbtagesausfluege\/","title":{"rendered":"Halbtagesausfl\u00fcge"},"content":{"rendered":"<p>[et_pb_section fb_built=&#8221;1&#8243; _builder_version=&#8221;4.22.2&#8243; _module_preset=&#8221;default&#8221; use_background_color_gradient=&#8221;on&#8221; background_color_gradient_stops=&#8221;rgba(0,0,0,0.35) 0%|rgba(0,0,0,0.35) 100%&#8221; background_color_gradient_overlays_image=&#8221;on&#8221; background_image=&#8221;https:\/\/villaostrocroatia.com\/wp-content\/uploads\/2023\/08\/pexels-peter-fazekas-12652573.jpg&#8221; height=&#8221;50vh&#8221; global_colors_info=&#8221;{}&#8221;][et_pb_row _builder_version=&#8221;4.21.2&#8243; _module_preset=&#8221;default&#8221; custom_margin=&#8221;||||false|false&#8221; custom_padding=&#8221;5%||||false|false&#8221; global_colors_info=&#8221;{}&#8221;][et_pb_column type=&#8221;4_4&#8243; _builder_version=&#8221;4.21.2&#8243; _module_preset=&#8221;default&#8221; global_colors_info=&#8221;{}&#8221;][et_pb_text _builder_version=&#8221;4.22.0&#8243; _module_preset=&#8221;a87fe72a-4e82-4721-bba4-6ebd63e72d5a&#8221; header_2_font=&#8221;scotchdisplay-medium||||||||&#8221; header_2_text_align=&#8221;center&#8221; header_2_text_color=&#8221;#FAFAFA&#8221; custom_padding_tablet=&#8221;&#8221; custom_padding_phone=&#8221;25%||||false|false&#8221; custom_padding_last_edited=&#8221;on|phone&#8221; scroll_vertical_motion=&#8221;10|50|50|50|8|0|0&#8243; border_width_bottom=&#8221;1px&#8221; border_color_bottom=&#8221;#FAFAFA&#8221; global_colors_info=&#8221;{}&#8221; header_2_text_color__hover_enabled=&#8221;on|hover&#8221; header_2_text_color__hover=&#8221;#FAFAFA&#8221;]<\/p>\n<h2>Halbtagesausfl\u00fcge<\/h2>\n<p>[\/et_pb_text][et_pb_text _builder_version=&#8221;4.22.2&#8243; _module_preset=&#8221;default&#8221; text_font=&#8221;scotchdisplay-medium||||||||&#8221; text_text_color=&#8221;#FAFAFA&#8221; text_font_size=&#8221;16px&#8221; text_orientation=&#8221;center&#8221; text_orientation_tablet=&#8221;center&#8221; text_orientation_phone=&#8221;center&#8221; text_orientation_last_edited=&#8221;on|desktop&#8221; global_colors_info=&#8221;{}&#8221;]<\/p>\n<p><span>Tauchen Sie ein in den K\u00fcstenzauber von Kraljevica bei einem halbt\u00e4gigen Ausflug und erkunden Sie malerische Str\u00e4nde, malerische Fischerd\u00f6rfer und atemberaubende Aussichtspunkte. <\/span><\/p>\n<p>[\/et_pb_text][\/et_pb_column][\/et_pb_row][\/et_pb_section][et_pb_section fb_built=&#8221;1&#8243; _builder_version=&#8221;4.21.2&#8243; _module_preset=&#8221;default&#8221; background_color=&#8221;#FAFAFA&#8221; global_colors_info=&#8221;{}&#8221;][et_pb_row column_structure=&#8221;1_2,1_2&#8243; _builder_version=&#8221;4.21.2&#8243; _module_preset=&#8221;default&#8221; global_colors_info=&#8221;{}&#8221;][et_pb_column type=&#8221;1_2&#8243; _builder_version=&#8221;4.21.2&#8243; _module_preset=&#8221;default&#8221; animation_style=&#8221;slide&#8221; animation_direction=&#8221;left&#8221; global_colors_info=&#8221;{}&#8221;][et_pb_image src=&#8221;https:\/\/villaostrocroatia.com\/wp-content\/uploads\/2023\/09\/steptodown.com295230.jpg&#8221; _builder_version=&#8221;4.22.1&#8243; _module_preset=&#8221;default&#8221; global_colors_info=&#8221;{}&#8221;][\/et_pb_image][\/et_pb_column][et_pb_column type=&#8221;1_2&#8243; _builder_version=&#8221;4.21.2&#8243; _module_preset=&#8221;default&#8221; animation_style=&#8221;slide&#8221; animation_direction=&#8221;right&#8221; global_colors_info=&#8221;{}&#8221;][et_pb_text _builder_version=&#8221;4.24.2&#8243; _module_preset=&#8221;4b575a4a-2d00-492e-abca-979ed7a5ec71&#8243; header_3_font=&#8221;scotchdisplay-medium||||||||&#8221; header_3_text_color=&#8221;#70B3B9&#8243; header_3_font_size=&#8221;26px&#8221; header_4_font=&#8221;scotchdisplay-medium||||||||&#8221; header_4_text_color=&#8221;#122C54&#8243; header_4_font_size=&#8221;20px&#8221; background_enable_color=&#8221;off&#8221; custom_margin=&#8221;14%|8px||8px|false|true&#8221; hover_enabled=&#8221;0&#8243; locked=&#8221;off&#8221; global_colors_info=&#8221;{}&#8221; sticky_enabled=&#8221;0&#8243;]<\/p>\n<h3 style=\"text-align: left;\"><strong>K\u00fcstencharme<\/strong><\/h3>\n<h4 style=\"text-align: left;\">Tauchen Sie ein in den K\u00fcstencharme vieler St\u00e4dte in der Umgebung <a href=\"https:\/\/www.rivieracrikvenica.com\/\" target=\"_blank\" rel=\"noopener\"><span style=\"text-decoration: underline;\">Crikvenica<\/span><\/a><span style=\"text-decoration: underline;\"> (<a href=\"https:\/\/www.google.com\/maps\/dir\/Villa+Ostro,+Ul.+Marijana+Jurkovi%C4%87a+22,+51262,+Kraljevica\/Crikvenica\/@45.2199411,14.5948444,13z\/data=!3m1!4b1!4m14!4m13!1m5!1m1!1s0x476361bf90eb5f09:0x2f54e7e7dd485f41!2m2!1d14.5703353!2d45.2617732!1m5!1m1!1s0x47637b8182355203:0xab5feb426599e29!2m2!1d14.6915049!2d45.173583!3e0?entry=ttu\">route<\/a>)<\/span>,  <a href=\"https:\/\/vrbnik.hr\/en\/\" target=\"_blank\" rel=\"noopener\"><span style=\"text-decoration: underline;\">Vrbnik<\/span><\/a><span style=\"text-decoration: underline;\">(<a href=\"https:\/\/www.google.com\/maps\/dir\/Villa+Ostro,+Ul.+Marijana+Jurkovi%C4%87a+22,+51262,+Kraljevica\/Vrbnik\/@45.1490554,14.4411152,11z\/data=!3m1!4b1!4m14!4m13!1m5!1m1!1s0x476361bf90eb5f09:0x2f54e7e7dd485f41!2m2!1d14.5703353!2d45.2617732!1m5!1m1!1s0x476370d96f1f3b97:0x7b33b6d523580153!2m2!1d14.6752504!2d45.0757288!3e0?entry=ttu\">route<\/a>)<\/span>, <a href=\"https:\/\/krk.hr\/en\/\" target=\"_blank\" rel=\"noopener\"><span style=\"text-decoration: underline;\">Krk<\/span><\/a><span style=\"text-decoration: underline;\">(<a href=\"https:\/\/www.google.com\/maps\/dir\/Villa+Ostro,+Ul.+Marijana+Jurkovi%C4%87a+22,+51262,+Kraljevica\/Krk\/@45.1477331,14.3850259,11z\/data=!3m1!4b1!4m14!4m13!1m5!1m1!1s0x476361bf90eb5f09:0x2f54e7e7dd485f41!2m2!1d14.5703353!2d45.2617732!1m5!1m1!1s0x47637209729f04d1:0x26120dd1806a9b6a!2m2!1d14.5752114!2d45.0278995!3e0?entry=ttu\">route<\/a>)<\/span> oder <a href=\"https:\/\/www.visitopatija.com\/en\" target=\"_blank\" rel=\"noopener\"><span style=\"text-decoration: underline;\">Opatija<\/span><\/a><span style=\"text-decoration: underline;\">(<a href=\"https:\/\/www.google.com\/maps\/dir\/Villa+Ostro,+Ul.+Marijana+Jurkovi%C4%87a+22,+51262,+Kraljevica\/Opatija\/@45.3093889,14.3729118,12z\/data=!3m1!4b1!4m14!4m13!1m5!1m1!1s0x476361bf90eb5f09:0x2f54e7e7dd485f41!2m2!1d14.5703353!2d45.2617732!1m5!1m1!1s0x4764a84acbb5741b:0x400ad50862bc290!2m2!1d14.305196!2d45.3376197!3e0?entry=ttu\">route<\/a>)<\/span>. Unternehmen Sie einen Halbtagesausflug und erkunden Sie malerische Str\u00e4nde wie den Jadranovo oder Ba\u0161ka, charmante Fischerd\u00f6rfer und atemberaubende Aussichtspunkte. Erleben Sie die Essenz der Adriak\u00fcste, w\u00e4hrend Sie die erfrischende Meeresbrise genie\u00dfen, oder machen Sie einen Ausflug <a href=\"https:\/\/tirafishing.com\/en\" target=\"_blank\" rel=\"noopener\"><span style=\"text-decoration: underline;\"><em>Abenteuer beim Thunfischangel<\/em> <em>n<\/em><\/span><\/a><span style=\"text-decoration: underline;\">(<a href=\"https:\/\/www.google.com\/maps\/dir\/Villa+Ostro,+Ul.+Marijana+Jurkovi%C4%87a+22,+51262,+Kraljevica\/Tira+fishing+%26+charter,+Bakarac,+Kraljevica\/@45.2678909,14.5629368,15z\/data=!4m14!4m13!1m5!1m1!1s0x476361bf90eb5f09:0x2f54e7e7dd485f41!2m2!1d14.5703353!2d45.2617732!1m5!1m1!1s0x47649fa5b2a32c07:0xd17da3e253aa0762!2m2!1d14.5811923!2d45.2813727!3e0?entry=ttu\">route<\/a>)<\/span>.<\/h4>\n<p>[\/et_pb_text][\/et_pb_column][\/et_pb_row][et_pb_row column_structure=&#8221;1_2,1_2&#8243; _builder_version=&#8221;4.21.2&#8243; _module_preset=&#8221;default&#8221; global_colors_info=&#8221;{}&#8221;][et_pb_column type=&#8221;1_2&#8243; _builder_version=&#8221;4.21.2&#8243; _module_preset=&#8221;default&#8221; animation_style=&#8221;slide&#8221; animation_direction=&#8221;left&#8221; global_colors_info=&#8221;{}&#8221;][et_pb_text _builder_version=&#8221;4.22.2&#8243; _module_preset=&#8221;4b575a4a-2d00-492e-abca-979ed7a5ec71&#8243; header_3_font=&#8221;scotchdisplay-medium||||||||&#8221; header_3_text_color=&#8221;#70B3B9&#8243; header_3_font_size=&#8221;26px&#8221; header_4_font=&#8221;scotchdisplay-medium||||||||&#8221; header_4_text_color=&#8221;#122C54&#8243; header_4_font_size=&#8221;20px&#8221; background_enable_color=&#8221;off&#8221; custom_margin=&#8221;14%|8px||8px|false|true&#8221; locked=&#8221;off&#8221; global_colors_info=&#8221;{}&#8221;]<\/p>\n<h3 style=\"text-align: left;\"><strong>Kulturelle Gen\u00fcsse<\/strong><\/h3>\n<h4 style=\"text-align: left;\">Entdecken Sie das reiche kulturelle Erbe der Region bei einem Halbtagesausflug zu historischen Sehensw\u00fcrdigkeiten, antiken Ruinen und charmanten St\u00e4dten. Genie\u03b2en Sie faszinierende Geschichten, die die lokale Identit\u00e4t gepr\u00e4gt haben. Beginnen Sie mit Kraljevica im \u00f6rtlichen Museum und der Geschichte des <a href=\"https:\/\/frankopani.eu\/en\/\" target=\"_blank\" rel=\"noopener\"><span style=\"text-decoration: underline;\">frankopanischen Erbes<\/span><\/a>. Burgen, befestigte St\u00e4dte, Schlachten, pers\u00f6nliche Dramen&#8230;<\/h4>\n<p>[\/et_pb_text][\/et_pb_column][et_pb_column type=&#8221;1_2&#8243; _builder_version=&#8221;4.21.2&#8243; _module_preset=&#8221;default&#8221; animation_style=&#8221;slide&#8221; animation_direction=&#8221;right&#8221; global_colors_info=&#8221;{}&#8221;][et_pb_image src=&#8221;https:\/\/villaostrocroatia.com\/wp-content\/uploads\/2023\/09\/pexels-vladimir-srajber-12124897.jpg&#8221; _builder_version=&#8221;4.22.1&#8243; _module_preset=&#8221;default&#8221; global_colors_info=&#8221;{}&#8221;][\/et_pb_image][\/et_pb_column][\/et_pb_row][et_pb_row _builder_version=&#8221;4.22.1&#8243; _module_preset=&#8221;default&#8221; custom_padding=&#8221;||2px|||&#8221; global_colors_info=&#8221;{}&#8221;][et_pb_column type=&#8221;4_4&#8243; _builder_version=&#8221;4.22.1&#8243; _module_preset=&#8221;default&#8221; global_colors_info=&#8221;{}&#8221;][et_pb_text _builder_version=&#8221;4.24.2&#8243; _module_preset=&#8221;4b575a4a-2d00-492e-abca-979ed7a5ec71&#8243; header_3_font=&#8221;scotchdisplay-medium||||||||&#8221; header_3_text_align=&#8221;center&#8221; header_3_text_color=&#8221;#70B3B9&#8243; header_3_font_size=&#8221;30px&#8221; header_4_font=&#8221;scotchdisplay-medium||||||||&#8221; header_4_text_align=&#8221;center&#8221; header_4_text_color=&#8221;#122C54&#8243; header_4_font_size=&#8221;20px&#8221; background_enable_color=&#8221;off&#8221; custom_margin=&#8221;3%|8px||8px|false|true&#8221; hover_enabled=&#8221;0&#8243; header_3_text_align_tablet=&#8221;left&#8221; header_3_text_align_phone=&#8221;left&#8221; header_3_text_align_last_edited=&#8221;on|desktop&#8221; header_4_text_align_tablet=&#8221;left&#8221; header_4_text_align_phone=&#8221;left&#8221; header_4_text_align_last_edited=&#8221;on|desktop&#8221; locked=&#8221;off&#8221; global_colors_info=&#8221;{}&#8221; sticky_enabled=&#8221;0&#8243;]<\/p>\n<h3><strong>Erforschen Sie die kulturellen Juwelen in Rijeka<\/strong><\/h3>\n<h4>Erleben Sie den lebendigen kulturellen Wandteppich von <a href=\"https:\/\/www.rijeka.hr\/en\/\" target=\"_blank\" rel=\"noopener\"><span style=\"text-decoration: underline;\">Rijeka<\/span><\/a><a href=\"https:\/\/www.google.com\/maps\/dir\/Villa+Ostro,+Ul.+Marijana+Jurkovi%C4%87a+22,+51262,+Kraljevica\/Rijeka\/@45.2923139,14.4805805,13z\/data=!3m1!4b1!4m14!4m13!1m5!1m1!1s0x476361bf90eb5f09:0x2f54e7e7dd485f41!2m2!1d14.5703353!2d45.2617732!1m5!1m1!1s0x4764a12517aabe2d:0x373c6f383dcbb670!2m2!1d14.442176!2d45.3270631!3e0?entry=ttu\"> (route)<\/a>, eine Stadt, die Geschichte, Kunst und Innovation nahtlos miteinander verbindet. Dieser Halbtagesausflug entf\u00fchrt Sie auf eine Reise durch die Zeit und die Kreativit\u00e4t, w\u00e4hrend Sie <a href=\"https:\/\/www.rijeka.hr\/en\/city-government\/institutions\/cultural-institutions\/\" target=\"_blank\" rel=\"noopener\"><span style=\"text-decoration: underline;\">Museen<\/span><\/a>, <a href=\"https:\/\/visitrijeka.hr\/en\/history\/\" target=\"_blank\" rel=\"noopener\"><span style=\"text-decoration: underline;\">historische St\u00e4tten<\/span><\/a> und l<a href=\"https:\/\/visitrijeka.hr\/en\/city\/\" target=\"_blank\" rel=\"noopener\"><span style=\"text-decoration: underline;\">okale Sch\u00e4tze erkunden<\/span><\/a>. Rijeka ist auch als die Stadt bekannt, in der der <a href=\"https:\/\/visitrijeka.hr\/en\/torpedo\/\" target=\"_blank\" rel=\"noopener\"><span style=\"text-decoration: underline;\">Torpedo<\/span><\/a><span>erfunden wurde, eine revolution\u00e4re maritime Waffe. Noch seltsamer ist die Tatsache, dass Rijeka daf\u00fcr bekannt ist, die einzige Stadt zu haben <a href=\"https:\/\/visitrijeka.hr\/en\/titanic-carpathia-rijeka\/\" target=\"_blank\" rel=\"noopener\"><span style=\"text-decoration: underline;\">Rettungsweste von der Titanic<\/span><\/a> <\/span><span>befindet sich in Europa, erhalten in<a href=\"https:\/\/ppmhp.hr\/en\/\" target=\"_blank\" rel=\"noopener\"><span style=\"text-decoration: underline;\">Schifffahrts- und Geschichtsmuseum Rijeka<\/span><\/a>.<\/span><\/h4>\n<p>[\/et_pb_text][et_pb_image src=&#8221;https:\/\/villaostrocroatia.com\/wp-content\/uploads\/2024\/03\/1-scaled.jpg&#8221; _builder_version=&#8221;4.24.2&#8243; _module_preset=&#8221;default&#8221; hover_enabled=&#8221;0&#8243; sticky_enabled=&#8221;0&#8243; max_width=&#8221;80%&#8221; module_alignment=&#8221;center&#8221;][\/et_pb_image][\/et_pb_column][\/et_pb_row][et_pb_row column_structure=&#8221;1_2,1_2&#8243; _builder_version=&#8221;4.21.2&#8243; _module_preset=&#8221;default&#8221; global_colors_info=&#8221;{}&#8221;][et_pb_column type=&#8221;1_2&#8243; _builder_version=&#8221;4.21.2&#8243; _module_preset=&#8221;default&#8221; animation_style=&#8221;slide&#8221; animation_direction=&#8221;left&#8221; global_colors_info=&#8221;{}&#8221;][et_pb_text _builder_version=&#8221;4.22.2&#8243; _module_preset=&#8221;4b575a4a-2d00-492e-abca-979ed7a5ec71&#8243; header_3_font=&#8221;scotchdisplay-medium||||||||&#8221; header_3_text_align=&#8221;center&#8221; header_3_text_color=&#8221;#70B3B9&#8243; header_3_font_size=&#8221;26px&#8221; header_4_font=&#8221;scotchdisplay-medium||||||||&#8221; header_4_text_align=&#8221;center&#8221; header_4_text_color=&#8221;#122C54&#8243; header_4_font_size=&#8221;20px&#8221; background_enable_color=&#8221;off&#8221; custom_margin=&#8221;10%|8px||8px|false|true&#8221; header_3_text_align_tablet=&#8221;left&#8221; header_3_text_align_phone=&#8221;left&#8221; header_3_text_align_last_edited=&#8221;on|desktop&#8221; header_4_text_align_tablet=&#8221;left&#8221; header_4_text_align_phone=&#8221;left&#8221; header_4_text_align_last_edited=&#8221;on|desktop&#8221; locked=&#8221;off&#8221; global_colors_info=&#8221;{}&#8221;]<\/p>\n<h3><strong>Stadtmuseum von Rijeka<\/strong><\/h3>\n<h4>Beginnen Sie Ihr kulturelles Abenteuer im <a href=\"https:\/\/www.muzej-rijeka.hr\/en\/home\/\" target=\"_blank\" rel=\"noopener\"><span style=\"text-decoration: underline;\">Stadtmuseum von Rijeka<\/span><\/a>, das sich im Herzen der Stadt befindet. Dieses Museum ist ein Schatz reicher Rijeka-Geschichte mit Ausstellungen, die von der Vorgeschichte bis zur Moderne reichen. Tauchen Sie in die Geschichten dieses K\u00fcstendiamanten ein, von seinen r\u00f6mischen Anf\u00e4ngen bis zur Rolle als Zentrum des Seehandels.<\/h4>\n<p>[\/et_pb_text][\/et_pb_column][et_pb_column type=&#8221;1_2&#8243; _builder_version=&#8221;4.21.2&#8243; _module_preset=&#8221;default&#8221; animation_style=&#8221;slide&#8221; animation_direction=&#8221;right&#8221; global_colors_info=&#8221;{}&#8221;][et_pb_text _builder_version=&#8221;4.22.2&#8243; _module_preset=&#8221;4b575a4a-2d00-492e-abca-979ed7a5ec71&#8243; header_3_font=&#8221;scotchdisplay-medium||||||||&#8221; header_3_text_align=&#8221;center&#8221; header_3_text_color=&#8221;#70B3B9&#8243; header_3_font_size=&#8221;26px&#8221; header_4_font=&#8221;scotchdisplay-medium||||||||&#8221; header_4_text_align=&#8221;center&#8221; header_4_text_color=&#8221;#122C54&#8243; header_4_font_size=&#8221;20px&#8221; background_enable_color=&#8221;off&#8221; custom_margin=&#8221;10%|8px||8px|false|true&#8221; header_3_text_align_tablet=&#8221;left&#8221; header_3_text_align_phone=&#8221;left&#8221; header_3_text_align_last_edited=&#8221;on|desktop&#8221; header_4_text_align_tablet=&#8221;left&#8221; header_4_text_align_phone=&#8221;left&#8221; header_4_text_align_last_edited=&#8221;on|desktop&#8221; locked=&#8221;off&#8221; global_colors_info=&#8221;{}&#8221;]<\/p>\n<h3><strong>Einblick in die Vergangenheit mit Peek &amp; Poke<\/strong><\/h3>\n<h4>F\u00fcr ein einzigartiges Erlebnis besuchen Sie das <a href=\"https:\/\/www.peekpoke.hr\/\" target=\"_blank\" rel=\"noopener\"><span style=\"text-decoration: underline;\">Computermuseum Peek &amp; Poke<\/span><\/a>, wo Sie die Evolution der Technologie entdecken k\u00f6nnen. Von antiken Computern bis zu Retro-Spielkonsolen bietet dieses Museum faszinierende Einblicke in die Geschichte der digitalen Welt.<\/h4>\n<p>[\/et_pb_text][\/et_pb_column][\/et_pb_row][et_pb_row column_structure=&#8221;1_2,1_2&#8243; _builder_version=&#8221;4.21.2&#8243; _module_preset=&#8221;default&#8221; global_colors_info=&#8221;{}&#8221;][et_pb_column type=&#8221;1_2&#8243; _builder_version=&#8221;4.21.2&#8243; _module_preset=&#8221;default&#8221; animation_style=&#8221;slide&#8221; animation_direction=&#8221;left&#8221; global_colors_info=&#8221;{}&#8221;][et_pb_image src=&#8221;https:\/\/villaostrocroatia.com\/wp-content\/uploads\/2023\/09\/rijekamaritime.jpg&#8221; _builder_version=&#8221;4.22.1&#8243; _module_preset=&#8221;default&#8221; global_colors_info=&#8221;{}&#8221;][\/et_pb_image][\/et_pb_column][et_pb_column type=&#8221;1_2&#8243; _builder_version=&#8221;4.21.2&#8243; _module_preset=&#8221;default&#8221; animation_style=&#8221;slide&#8221; animation_direction=&#8221;right&#8221; global_colors_info=&#8221;{}&#8221;][et_pb_text _builder_version=&#8221;4.21.2&#8243; _module_preset=&#8221;4b575a4a-2d00-492e-abca-979ed7a5ec71&#8243; header_3_font=&#8221;scotchdisplay-medium||||||||&#8221; header_3_text_color=&#8221;#70B3B9&#8243; header_3_font_size=&#8221;26px&#8221; header_4_font=&#8221;scotchdisplay-medium||||||||&#8221; header_4_text_color=&#8221;#122C54&#8243; header_4_font_size=&#8221;20px&#8221; background_enable_color=&#8221;off&#8221; custom_margin=&#8221;14%|8px||8px|false|true&#8221; locked=&#8221;off&#8221; global_colors_info=&#8221;{}&#8221;]<\/p>\n<h3 style=\"text-align: left;\"><strong>Einblick in das maritime Erbe<\/strong><\/h3>\n<h4 style=\"text-align: left;\">Nach dem Museum spazieren Sie entlang der malerischen Rijeka-Promenade, wo Sie an jeder Ecke die maritime Geschichte erleben k\u00f6nnen. Die Schiffbau- und Handelsgeschichte der Stadt manifestiert sich in Skulpturen und Denkm\u00e4lern und enth\u00fcllt Ihnen ihre maritime Vergangenheit.<\/h4>\n<p>[\/et_pb_text][\/et_pb_column][\/et_pb_row][et_pb_row column_structure=&#8221;1_2,1_2&#8243; _builder_version=&#8221;4.21.2&#8243; _module_preset=&#8221;default&#8221; global_colors_info=&#8221;{}&#8221;][et_pb_column type=&#8221;1_2&#8243; _builder_version=&#8221;4.21.2&#8243; _module_preset=&#8221;default&#8221; animation_style=&#8221;slide&#8221; animation_direction=&#8221;left&#8221; global_colors_info=&#8221;{}&#8221;][et_pb_text _builder_version=&#8221;4.22.2&#8243; _module_preset=&#8221;4b575a4a-2d00-492e-abca-979ed7a5ec71&#8243; header_3_font=&#8221;scotchdisplay-medium||||||||&#8221; header_3_text_color=&#8221;#70B3B9&#8243; header_3_font_size=&#8221;26px&#8221; header_4_font=&#8221;scotchdisplay-medium||||||||&#8221; header_4_text_color=&#8221;#122C54&#8243; header_4_font_size=&#8221;20px&#8221; background_enable_color=&#8221;off&#8221; custom_margin=&#8221;14%|8px||8px|false|true&#8221; locked=&#8221;off&#8221; global_colors_info=&#8221;{}&#8221;]<\/p>\n<h3 style=\"text-align: left;\"><strong>Genie\u00dfen Sie einen Kaffee am Korzo<\/strong><\/h3>\n<h4 style=\"text-align: left;\">Entspannen Sie sich in einem der charmanten Caf\u00e9s entlang des <a href=\"https:\/\/visitrijeka.hr\/en\/korzo\/\" target=\"_blank\" rel=\"noopener\"><span style=\"text-decoration: underline;\">Korzo<\/span><\/a>, der Hauptpromenade von Rijeka. Genie\u00dfen Sie eine Tasse reichen kroatischen Kaffees oder g\u00f6nnen Sie sich einheimisches Geb\u00e4ck, w\u00e4hrend Sie die lebhafte Atmosph\u00e4re dieser belebten Stra\u00dfe aufsaugen.<\/h4>\n<p>[\/et_pb_text][\/et_pb_column][et_pb_column type=&#8221;1_2&#8243; _builder_version=&#8221;4.21.2&#8243; _module_preset=&#8221;default&#8221; animation_style=&#8221;slide&#8221; animation_direction=&#8221;right&#8221; global_colors_info=&#8221;{}&#8221;][et_pb_image src=&#8221;https:\/\/villaostrocroatia.com\/wp-content\/uploads\/2023\/09\/rijekacity.jpg&#8221; _builder_version=&#8221;4.22.1&#8243; _module_preset=&#8221;default&#8221; global_colors_info=&#8221;{}&#8221;][\/et_pb_image][\/et_pb_column][\/et_pb_row][\/et_pb_section][et_pb_section fb_built=&#8221;1&#8243; admin_label=&#8221;About&#8221; _builder_version=&#8221;4.21.2&#8243; _module_preset=&#8221;default&#8221; background_color=&#8221;rgba(146,187,195,0.2)&#8221; custom_padding=&#8221;||0px|||&#8221; collapsed=&#8221;off&#8221; global_colors_info=&#8221;{}&#8221;][et_pb_row custom_padding_last_edited=&#8221;on|desktop&#8221; _builder_version=&#8221;4.21.0&#8243; _module_preset=&#8221;default&#8221; custom_margin=&#8221;||||true|false&#8221; custom_padding=&#8221;5%||5%||true|false&#8221; custom_padding_tablet=&#8221;5%||5%||true|false&#8221; custom_padding_phone=&#8221;5%||5%||true|false&#8221; global_colors_info=&#8221;{}&#8221;][et_pb_column type=&#8221;4_4&#8243; _builder_version=&#8221;4.21.0&#8243; _module_preset=&#8221;default&#8221; global_colors_info=&#8221;{}&#8221;][et_pb_text _builder_version=&#8221;4.21.2&#8243; _module_preset=&#8221;a87fe72a-4e82-4721-bba4-6ebd63e72d5a&#8221; header_2_font=&#8221;scotchdisplay-medium||||||||&#8221; header_2_text_align=&#8221;center&#8221; header_2_text_color=&#8221;#122C54&#8243; header_2_font_size=&#8221;48px&#8221; animation_style=&#8221;fade&#8221; border_color_bottom=&#8221;#122C54&#8243; global_colors_info=&#8221;{}&#8221;]<\/p>\n<h2>Es ist Zeit f\u00fcr eine Pause.<\/h2>\n<p>[\/et_pb_text][et_pb_button button_url=&#8221;https:\/\/villaostrocroatia.com\/#book&#8221; button_text=&#8221;Buchen Sie jetzt&#8221; button_alignment=&#8221;center&#8221; _builder_version=&#8221;4.22.2&#8243; _module_preset=&#8221;default&#8221; custom_button=&#8221;on&#8221; button_text_size=&#8221;18px&#8221; button_text_color=&#8221;#FAFAFA&#8221; button_bg_color=&#8221;#B06642&#8243; button_border_color=&#8221;#B06642&#8243; button_border_radius=&#8221;12px&#8221; button_font=&#8221;scotchdisplay-medium||||||||&#8221; button_icon=&#8221;&#x24;||divi||400&#8243; custom_margin=&#8221;5%||||false|false&#8221; custom_padding=&#8221;||||false|false&#8221; button_text_shadow_style=&#8221;preset3&#8243; global_colors_info=&#8221;{}&#8221; button_bg_color__hover_enabled=&#8221;on|desktop&#8221; button_bg_color__hover=&#8221;rgba(176,102,66,0.9)&#8221; button_bg_enable_color__hover=&#8221;on&#8221; button_border_color__hover_enabled=&#8221;on|hover&#8221; button_border_color__hover=&#8221;#B06642&#8243;][\/et_pb_button][\/et_pb_column][\/et_pb_row][\/et_pb_section][et_pb_section fb_built=&#8221;1&#8243; fullwidth=&#8221;on&#8221; _builder_version=&#8221;4.21.2&#8243; _module_preset=&#8221;default&#8221; background_color=&#8221;#FAFAFA&#8221; global_colors_info=&#8221;{}&#8221;][et_pb_fullwidth_code _builder_version=&#8221;4.21.0&#8243; _module_preset=&#8221;default&#8221; background_color=&#8221;#fafafa&#8221; global_colors_info=&#8221;{}&#8221;]<iframe src=\"https:\/\/www.google.com\/maps\/embed?pb=!1m14!1m8!1m3!1d11233.232748825505!2d14.5703226!3d45.2617806!3m2!1i1024!2i768!4f13.1!3m3!1m2!1s0x476361bf90eb5f09%3A0x2f54e7e7dd485f41!2sVilla%20Ostro!5e0!3m2!1sen!2shr!4v1690801080650!5m2!1sen!2shr\" width=\"2000\" height=\"300\" style=\"border:0;\" allowfullscreen=\"\" loading=\"lazy\" referrerpolicy=\"no-referrer-when-downgrade\"><\/iframe>[\/et_pb_fullwidth_code][\/et_pb_section]<\/p>\n","protected":false},"excerpt":{"rendered":"<p>Halbtagesausfl\u00fcgeTauchen Sie ein in den K\u00fcstenzauber von Kraljevica bei einem halbt\u00e4gigen Ausflug und erkunden Sie malerische Str\u00e4nde, malerische Fischerd\u00f6rfer und atemberaubende Aussichtspunkte. K\u00fcstencharme Tauchen Sie ein in den K\u00fcstencharme vieler St\u00e4dte in der Umgebung Crikvenica (route), Vrbnik(route), Krk(route) oder Opatija(route). Unternehmen Sie einen Halbtagesausflug und erkunden Sie malerische Str\u00e4nde wie den Jadranovo oder Ba\u0161ka, charmante [&hellip;]<\/p>\n","protected":false},"author":1,"featured_media":0,"parent":0,"menu_order":0,"comment_status":"closed","ping_status":"closed","template":"","meta":{"_et_pb_use_builder":"on","_et_pb_old_content":"","_et_gb_content_width":"","footnotes":""},"class_list":["post-2330","page","type-page","status-publish","hentry"],"aioseo_notices":[],"_links":{"self":[{"href":"https:\/\/villaostrocroatia.com\/de\/wp-json\/wp\/v2\/pages\/2330","targetHints":{"allow":["GET"]}}],"collection":[{"href":"https:\/\/villaostrocroatia.com\/de\/wp-json\/wp\/v2\/pages"}],"about":[{"href":"https:\/\/villaostrocroatia.com\/de\/wp-json\/wp\/v2\/types\/page"}],"author":[{"embeddable":true,"href":"https:\/\/villaostrocroatia.com\/de\/wp-json\/wp\/v2\/users\/1"}],"replies":[{"embeddable":true,"href":"https:\/\/villaostrocroatia.com\/de\/wp-json\/wp\/v2\/comments?post=2330"}],"version-history":[{"count":0,"href":"https:\/\/villaostrocroatia.com\/de\/wp-json\/wp\/v2\/pages\/2330\/revisions"}],"wp:attachment":[{"href":"https:\/\/villaostrocroatia.com\/de\/wp-json\/wp\/v2\/media?parent=2330"}],"curies":[{"name":"wp","href":"https:\/\/api.w.org\/{rel}","templated":true}]}}