{"id":2333,"date":"2023-08-08T10:54:37","date_gmt":"2023-08-08T10:54:37","guid":{"rendered":"https:\/\/villaostrocroatia.com\/ganztaegige-ausfluege\/"},"modified":"2024-03-21T14:42:37","modified_gmt":"2024-03-21T14:42:37","slug":"ganztaegige-ausfluege","status":"publish","type":"page","link":"https:\/\/villaostrocroatia.com\/de\/ganztaegige-ausfluege\/","title":{"rendered":"Ganzt\u00e4gige Ausfl\u00fcge"},"content":{"rendered":"<p>[et_pb_section fb_built=&#8221;1&#8243; _builder_version=&#8221;4.22.1&#8243; _module_preset=&#8221;default&#8221; use_background_color_gradient=&#8221;on&#8221; background_color_gradient_stops=&#8221;rgba(0,0,0,0.25) 0%|rgba(0,0,0,0.25) 100%&#8221; background_color_gradient_overlays_image=&#8221;on&#8221; background_image=&#8221;https:\/\/villaostrocroatia.com\/wp-content\/uploads\/2023\/09\/vrbnik.jpg&#8221; height=&#8221;50vh&#8221; global_colors_info=&#8221;{}&#8221;][et_pb_row _builder_version=&#8221;4.21.2&#8243; _module_preset=&#8221;default&#8221; custom_margin=&#8221;||||false|false&#8221; custom_padding=&#8221;5%||||false|false&#8221; global_colors_info=&#8221;{}&#8221;][et_pb_column type=&#8221;4_4&#8243; _builder_version=&#8221;4.21.2&#8243; _module_preset=&#8221;default&#8221; global_colors_info=&#8221;{}&#8221;][et_pb_text _builder_version=&#8221;4.22.0&#8243; _module_preset=&#8221;a87fe72a-4e82-4721-bba4-6ebd63e72d5a&#8221; header_2_font=&#8221;scotchdisplay-medium||||||||&#8221; header_2_text_align=&#8221;center&#8221; header_2_text_color=&#8221;#FAFAFA&#8221; custom_padding_tablet=&#8221;&#8221; custom_padding_phone=&#8221;25%||||false|false&#8221; custom_padding_last_edited=&#8221;on|phone&#8221; scroll_vertical_motion=&#8221;10|50|50|50|8|0|0&#8243; border_width_bottom=&#8221;1px&#8221; border_color_bottom=&#8221;#FAFAFA&#8221; global_colors_info=&#8221;{}&#8221; header_2_text_color__hover_enabled=&#8221;on|hover&#8221; header_2_text_color__hover=&#8221;#FAFAFA&#8221;]<\/p>\n<h2>Ganzt\u00e4gige Ausfl\u00fcge<\/h2>\n<p>[\/et_pb_text][et_pb_text _builder_version=&#8221;4.22.2&#8243; _module_preset=&#8221;default&#8221; text_font=&#8221;scotchdisplay-medium||||||||&#8221; text_text_color=&#8221;#FAFAFA&#8221; text_font_size=&#8221;16px&#8221; text_orientation=&#8221;center&#8221; global_colors_info=&#8221;{}&#8221;]<\/p>\n<p>Erleben Sie die Wunder der kroatischen Nationalparks bei einer ganzt\u00e4gigen Expedition. Von tosenden Wasserf\u00e4llen bis hin zu kristallklaren Seen bieten die Nationalparks einen Einblick in die unber\u00fchrte Wildnis des Landes.<\/p>\n<p>[\/et_pb_text][\/et_pb_column][\/et_pb_row][\/et_pb_section][et_pb_section fb_built=&#8221;1&#8243; _builder_version=&#8221;4.21.2&#8243; _module_preset=&#8221;default&#8221; background_color=&#8221;#FAFAFA&#8221; global_colors_info=&#8221;{}&#8221;][et_pb_row column_structure=&#8221;1_2,1_2&#8243; _builder_version=&#8221;4.21.2&#8243; _module_preset=&#8221;default&#8221; global_colors_info=&#8221;{}&#8221;][et_pb_column type=&#8221;1_2&#8243; _builder_version=&#8221;4.21.2&#8243; _module_preset=&#8221;default&#8221; animation_style=&#8221;slide&#8221; animation_direction=&#8221;left&#8221; global_colors_info=&#8221;{}&#8221;][et_pb_image src=&#8221;https:\/\/villaostrocroatia.com\/wp-content\/uploads\/2024\/03\/2-scaled.jpg&#8221; _builder_version=&#8221;4.24.2&#8243; _module_preset=&#8221;default&#8221; global_colors_info=&#8221;{}&#8221;][\/et_pb_image][\/et_pb_column][et_pb_column type=&#8221;1_2&#8243; _builder_version=&#8221;4.21.2&#8243; _module_preset=&#8221;default&#8221; animation_style=&#8221;slide&#8221; animation_direction=&#8221;right&#8221; global_colors_info=&#8221;{}&#8221;][et_pb_text _builder_version=&#8221;4.24.2&#8243; _module_preset=&#8221;4b575a4a-2d00-492e-abca-979ed7a5ec71&#8243; header_3_font=&#8221;scotchdisplay-medium||||||||&#8221; header_3_text_color=&#8221;#70B3B9&#8243; header_3_font_size=&#8221;26px&#8221; header_4_font=&#8221;scotchdisplay-medium||||||||&#8221; header_4_text_color=&#8221;#122C54&#8243; header_4_font_size=&#8221;20px&#8221; background_enable_color=&#8221;off&#8221; custom_margin=&#8221;5.9%|8px||8px|false|true&#8221; locked=&#8221;off&#8221; global_colors_info=&#8221;{}&#8221;]<\/p>\n<h3 style=\"text-align: left;\">Inselbesichtigungen<\/h3>\n<h4 style=\"text-align: left;\">Begeben Sie sich auf ein ganzt\u00e4giges Abenteuer und erkunden Sie die nahe gelegenen Inseln<span style=\"text-decoration: underline;\"><a href=\"https:\/\/krk.hr\/en\/\" target=\"_blank\" rel=\"noopener\">Krk<\/a> (<a href=\"https:\/\/www.google.com\/maps\/dir\/Villa+Ostro,+Ul.+Marijana+Jurkovi%C4%87a+22,+51262,+Kraljevica\/Krk\/@45.1477331,14.3850259,11z\/data=!3m1!4b1!4m14!4m13!1m5!1m1!1s0x476361bf90eb5f09:0x2f54e7e7dd485f41!2m2!1d14.5703353!2d45.2617732!1m5!1m1!1s0x47637209729f04d1:0x26120dd1806a9b6a!2m2!1d14.5752114!2d45.0278995!3e0?entry=ttu\">route<\/a>)<\/span>, <a href=\"https:\/\/www.visitcres.hr\/croatia-island-cres\/en\/Default.aspx\" target=\"_blank\" rel=\"noopener\"><span style=\"text-decoration: underline;\">Cres<\/span><\/a><span style=\"text-decoration: underline;\">(<a href=\"https:\/\/www.google.com\/maps\/dir\/Villa+Ostro,+Ul.+Marijana+Jurkovi%C4%87a+22,+51262,+Kraljevica\/Cres\/@45.1112455,14.3631508,11z\/data=!3m1!4b1!4m14!4m13!1m5!1m1!1s0x476361bf90eb5f09:0x2f54e7e7dd485f41!2m2!1d14.5703353!2d45.2617732!1m5!1m1!1s0x47631490533bfa21:0x2320de093d4d0497!2m2!1d14.4091703!2d44.9606942!3e0?entry=ttu\">route<\/a>)<\/span>, <a href=\"https:\/\/www.rab-visit.com\/\" target=\"_blank\" rel=\"noopener\"><span style=\"text-decoration: underline;\">Rab<\/span><\/a><span style=\"text-decoration: underline;\">(<a href=\"https:\/\/www.google.com\/maps\/dir\/Villa+Ostro,+Ul.+Marijana+Jurkovi%C4%87a+22,+51262,+Kraljevica\/Rab\/@44.9865137,14.3781278,10z\/data=!4m15!4m14!1m5!1m1!1s0x476361bf90eb5f09:0x2f54e7e7dd485f41!2m2!1d14.5703353!2d45.2617732!1m5!1m1!1s0x4763af1777e60d17:0x5bb1332afa1303d6!2m2!1d14.7599675!2d44.7569096!3e0!5i1?entry=ttu\">route<\/a>)<\/span> oder <a href=\"https:\/\/www.visitlosinj.hr\/\" target=\"_blank\" rel=\"noopener\"><span style=\"text-decoration: underline;\">Losinj<\/span><\/a><a href=\"https:\/\/www.google.com\/maps\/dir\/Villa+Ostro,+Ul.+Marijana+Jurkovi%C4%87a+22,+51262,+Kraljevica\/Lo%C5%A1inj\/@44.9718189,14.1345062,10z\/data=!3m1!4b1!4m14!4m13!1m5!1m1!1s0x476361bf90eb5f09:0x2f54e7e7dd485f41!2m2!1d14.5703353!2d45.2617732!1m5!1m1!1s0x4762f95892f1d37f:0xeebd7436099281e1!2m2!1d14.3702818!2d44.6806574!3e0?entry=ttu\"><span style=\"text-decoration: underline;\"> (route)<\/span><\/a>und ihre ausgepr\u00e4gten Pers\u00f6nlichkeiten. Tauchen Sie ein in die Sch\u00f6nheit unber\u00fchrter Natur und erleben Sie den Charme des Insellebens. Sie k\u00f6nnen dies mit dem Auto tun, <span style=\"text-decoration: underline;\"><em><a href=\"https:\/\/www.jadrolinija.hr\/\" target=\"_blank\" rel=\"noopener\">regelm\u00e4\u00dfige F\u00e4hren<\/a><\/em><\/span> oder <span style=\"text-decoration: underline;\"><em><a href=\"https:\/\/www.farus-travel.com\/najam-plovila\" target=\"_blank\" rel=\"noopener\">ein Boot mieten<\/a><\/em><\/span> und erkunden Sie Str\u00e4nde, die haupts\u00e4chlich vom Meer aus erreichbar sind.<\/h4>\n<p>[\/et_pb_text][\/et_pb_column][\/et_pb_row][et_pb_row column_structure=&#8221;1_2,1_2&#8243; _builder_version=&#8221;4.21.2&#8243; _module_preset=&#8221;default&#8221; global_colors_info=&#8221;{}&#8221;][et_pb_column type=&#8221;1_2&#8243; _builder_version=&#8221;4.21.2&#8243; _module_preset=&#8221;default&#8221; animation_style=&#8221;slide&#8221; animation_direction=&#8221;left&#8221; global_colors_info=&#8221;{}&#8221;][et_pb_text _builder_version=&#8221;4.24.2&#8243; _module_preset=&#8221;4b575a4a-2d00-492e-abca-979ed7a5ec71&#8243; header_3_font=&#8221;scotchdisplay-medium||||||||&#8221; header_3_text_color=&#8221;#70B3B9&#8243; header_3_font_size=&#8221;26px&#8221; header_4_font=&#8221;scotchdisplay-medium||||||||&#8221; header_4_text_color=&#8221;#122C54&#8243; header_4_font_size=&#8221;20px&#8221; background_enable_color=&#8221;off&#8221; custom_margin=&#8221;3%|8px||8px|false|true&#8221; locked=&#8221;off&#8221; global_colors_info=&#8221;{}&#8221;]<\/p>\n<h3 style=\"text-align: left;\">Nationalparks<\/h3>\n<h4 style=\"text-align: left;\">Erleben Sie die Wunder der kroatischen Nationalparks bei einer ganzt\u00e4gigen Expedition. Von Kaskaden-Wasserf\u00e4llen bis zu kristallklaren Seen bieten die Nationalparks einen Blick auf die unber\u00fchrte Wildnis des Landes. <span style=\"text-decoration: underline;\"><a href=\"https:\/\/www.np-risnjak.hr\/en\/\" target=\"_blank\" rel=\"noopener\">NP Risnjak<\/a> (<a href=\"https:\/\/www.google.com\/maps\/dir\/Villa+Ostro,+Ul.+Marijana+Jurkovi%C4%87a+22,+51262,+Kraljevica\/Nacionalni+park+Risnjak,+Bela+vodica,+Crni+Lug\/@45.342093,14.5475565,12z\/data=!3m1!4b1!4m14!4m13!1m5!1m1!1s0x476361bf90eb5f09:0x2f54e7e7dd485f41!2m2!1d14.5703353!2d45.2617732!1m5!1m1!1s0x4764971eb00c9923:0x4ea213ec0d62c5df!2m2!1d14.6852755!2d45.4183322!3e0?entry=ttu\">route<\/a>)<\/span> ist nur 40 Minuten entfernt, wandern Sie zum Gipfel des Risnjak oder Snjeznik, <span style=\"text-decoration: underline;\"><a href=\"https:\/\/np-sjeverni-velebit.hr\/www\/en\/\" target=\"_blank\" rel=\"noopener\">NP Velebit<\/a> (<a href=\"https:\/\/www.google.com\/maps\/dir\/Villa+Ostro,+Ul.+Marijana+Jurkovi%C4%87a+22,+51262,+Kraljevica\/Nacionalni+park+Sjeverni+Velebit,+Krasno\/@45.0173879,14.4550575,10z\/data=!3m1!4b1!4m14!4m13!1m5!1m1!1s0x476361bf90eb5f09:0x2f54e7e7dd485f41!2m2!1d14.5703353!2d45.2617732!1m5!1m1!1s0x4763b8a908ba39cb:0xb999c2858f592272!2m2!1d14.9440741!2d44.7656747!3e0?entry=ttu\">route<\/a>)<\/span> ist weniger als 2 Stunden entfernt und bietet zahlreiche atemberaubende Ausblicke auf die K\u00fcste und die Inseln <span style=\"text-decoration: underline;\"><a href=\"https:\/\/www.rab-visit.com\/\" target=\"_blank\" rel=\"noopener\">Rab<\/a><\/span>, <span style=\"text-decoration: underline;\"><a href=\"https:\/\/www.pag.hr\/\" target=\"_blank\" rel=\"noopener\">Pag<\/a> (<a href=\"https:\/\/www.google.com\/maps\/dir\/Villa+Ostro,+Ul.+Marijana+Jurkovi%C4%87a+22,+51262,+Kraljevica\/Pag\/@44.7392133,14.463896,9z\/data=!3m1!4b1!4m14!4m13!1m5!1m1!1s0x476361bf90eb5f09:0x2f54e7e7dd485f41!2m2!1d14.5703353!2d45.2617732!1m5!1m1!1s0x47623ad3510d8139:0x400ad50862bc820!2m2!1d15.0554042!2d44.4438033!3e0?entry=ttu\">route<\/a>)<\/span>, Goli otok und viele mehr, <a href=\"https:\/\/np-plitvicka-jezera.hr\/en\/\" target=\"_blank\" rel=\"noopener\"><span style=\"text-decoration: underline;\">NP Plitvice<\/span><\/a><span style=\"text-decoration: underline;\">(<a href=\"https:\/\/www.google.com\/maps\/dir\/Villa+Ostro,+Ul.+Marijana+Jurkovi%C4%87a+22,+51262,+Kraljevica\/Plitvi%C4%8Dka+Jezera\/@45.0848179,14.8004734,10z\/data=!4m14!4m13!1m5!1m1!1s0x476361bf90eb5f09:0x2f54e7e7dd485f41!2m2!1d14.5703353!2d45.2617732!1m5!1m1!1s0x47616784a5c87ea9:0x400ad50862bc3b0!2m2!1d15.6210837!2d44.8807696!3e0?entry=ttu\">route<\/a>)<\/span> ist 2 Stunden und 30 Minuten entfernt, einer der beliebtesten Parks mit dem ber\u00fchmten Wasserfall, <a href=\"https:\/\/www.np-brijuni.hr\/en\" target=\"_blank\" rel=\"noopener\"><span style=\"text-decoration: underline;\">NP Brijuni<\/span><\/a><span style=\"text-decoration: underline;\">(<a href=\"https:\/\/www.google.com\/maps\/dir\/Villa+Ostro,+Ul.+Marijana+Jurkovi%C4%87a+22,+51262,+Kraljevica\/Brijuni,+Pula\/@45.1396891,13.8560714,10.25z\/data=!4m14!4m13!1m5!1m1!1s0x476361bf90eb5f09:0x2f54e7e7dd485f41!2m2!1d14.5703353!2d45.2617732!1m5!1m1!1s0x477cd1d79bf4ad49:0xecf2bec6f25cc5ed!2m2!1d13.7541122!2d44.914963!3e0?entry=ttu\">route<\/a>)<\/span> ist 1 Stunde und 30 Minuten entfernt.<\/h4>\n<p>[\/et_pb_text][\/et_pb_column][et_pb_column type=&#8221;1_2&#8243; _builder_version=&#8221;4.21.2&#8243; _module_preset=&#8221;default&#8221; animation_style=&#8221;slide&#8221; animation_direction=&#8221;right&#8221; global_colors_info=&#8221;{}&#8221;][et_pb_image src=&#8221;https:\/\/villaostrocroatia.com\/wp-content\/uploads\/2023\/09\/plitvice.jpg&#8221; _builder_version=&#8221;4.22.1&#8243; _module_preset=&#8221;default&#8221; global_colors_info=&#8221;{}&#8221;][\/et_pb_image][\/et_pb_column][\/et_pb_row][\/et_pb_section][et_pb_section fb_built=&#8221;1&#8243; admin_label=&#8221;About&#8221; _builder_version=&#8221;4.21.2&#8243; _module_preset=&#8221;default&#8221; background_color=&#8221;rgba(146,187,195,0.2)&#8221; custom_padding=&#8221;||0px|||&#8221; collapsed=&#8221;off&#8221; global_colors_info=&#8221;{}&#8221;][et_pb_row custom_padding_last_edited=&#8221;on|desktop&#8221; _builder_version=&#8221;4.21.0&#8243; _module_preset=&#8221;default&#8221; custom_margin=&#8221;||||true|false&#8221; custom_padding=&#8221;5%||5%||true|false&#8221; custom_padding_tablet=&#8221;5%||5%||true|false&#8221; custom_padding_phone=&#8221;5%||5%||true|false&#8221; global_colors_info=&#8221;{}&#8221;][et_pb_column type=&#8221;4_4&#8243; _builder_version=&#8221;4.21.0&#8243; _module_preset=&#8221;default&#8221; global_colors_info=&#8221;{}&#8221;][et_pb_text _builder_version=&#8221;4.21.2&#8243; _module_preset=&#8221;a87fe72a-4e82-4721-bba4-6ebd63e72d5a&#8221; header_2_font=&#8221;scotchdisplay-medium||||||||&#8221; header_2_text_align=&#8221;center&#8221; header_2_text_color=&#8221;#122C54&#8243; header_2_font_size=&#8221;48px&#8221; animation_style=&#8221;fade&#8221; border_color_bottom=&#8221;#122C54&#8243; global_colors_info=&#8221;{}&#8221;]<\/p>\n<h2>Kommen Sie, bleiben Sie und erholen Sie sich ganz auf Ihre Weise.<\/h2>\n<p>[\/et_pb_text][et_pb_button button_url=&#8221;https:\/\/villaostrocroatia.com\/#book&#8221; button_text=&#8221;Buchen Sie jetzt&#8221; button_alignment=&#8221;center&#8221; _builder_version=&#8221;4.22.2&#8243; _module_preset=&#8221;default&#8221; custom_button=&#8221;on&#8221; button_text_size=&#8221;18px&#8221; button_text_color=&#8221;#FAFAFA&#8221; button_bg_color=&#8221;#B06642&#8243; button_border_color=&#8221;#B06642&#8243; button_border_radius=&#8221;12px&#8221; button_font=&#8221;scotchdisplay-medium||||||||&#8221; button_icon=&#8221;&#x24;||divi||400&#8243; custom_margin=&#8221;5%||||false|false&#8221; custom_padding=&#8221;||||false|false&#8221; button_text_shadow_style=&#8221;preset3&#8243; global_colors_info=&#8221;{}&#8221; button_bg_color__hover_enabled=&#8221;on|desktop&#8221; button_bg_color__hover=&#8221;rgba(176,102,66,0.9)&#8221; button_bg_enable_color__hover=&#8221;on&#8221; button_border_color__hover_enabled=&#8221;on|hover&#8221; button_border_color__hover=&#8221;#B06642&#8243;][\/et_pb_button][\/et_pb_column][\/et_pb_row][\/et_pb_section][et_pb_section fb_built=&#8221;1&#8243; fullwidth=&#8221;on&#8221; _builder_version=&#8221;4.21.2&#8243; _module_preset=&#8221;default&#8221; background_color=&#8221;#FAFAFA&#8221; global_colors_info=&#8221;{}&#8221;][et_pb_fullwidth_code _builder_version=&#8221;4.21.0&#8243; _module_preset=&#8221;default&#8221; background_color=&#8221;#fafafa&#8221; global_colors_info=&#8221;{}&#8221;]<iframe src=\"https:\/\/www.google.com\/maps\/embed?pb=!1m14!1m8!1m3!1d11233.232748825505!2d14.5703226!3d45.2617806!3m2!1i1024!2i768!4f13.1!3m3!1m2!1s0x476361bf90eb5f09%3A0x2f54e7e7dd485f41!2sVilla%20Ostro!5e0!3m2!1sen!2shr!4v1690801080650!5m2!1sen!2shr\" width=\"2000\" height=\"300\" style=\"border:0;\" allowfullscreen=\"\" loading=\"lazy\" referrerpolicy=\"no-referrer-when-downgrade\"><\/iframe>[\/et_pb_fullwidth_code][\/et_pb_section]<\/p>\n","protected":false},"excerpt":{"rendered":"<p>Ganzt\u00e4gige Ausfl\u00fcgeErleben Sie die Wunder der kroatischen Nationalparks bei einer ganzt\u00e4gigen Expedition. Von tosenden Wasserf\u00e4llen bis hin zu kristallklaren Seen bieten die Nationalparks einen Einblick in die unber\u00fchrte Wildnis des Landes.Inselbesichtigungen Begeben Sie sich auf ein ganzt\u00e4giges Abenteuer und erkunden Sie die nahe gelegenen InselnKrk (route), Cres(route), Rab(route) oder Losinj (route)und ihre ausgepr\u00e4gten Pers\u00f6nlichkeiten. Tauchen [&hellip;]<\/p>\n","protected":false},"author":1,"featured_media":0,"parent":0,"menu_order":0,"comment_status":"closed","ping_status":"closed","template":"","meta":{"_et_pb_use_builder":"on","_et_pb_old_content":"","_et_gb_content_width":"","footnotes":""},"class_list":["post-2333","page","type-page","status-publish","hentry"],"aioseo_notices":[],"_links":{"self":[{"href":"https:\/\/villaostrocroatia.com\/de\/wp-json\/wp\/v2\/pages\/2333","targetHints":{"allow":["GET"]}}],"collection":[{"href":"https:\/\/villaostrocroatia.com\/de\/wp-json\/wp\/v2\/pages"}],"about":[{"href":"https:\/\/villaostrocroatia.com\/de\/wp-json\/wp\/v2\/types\/page"}],"author":[{"embeddable":true,"href":"https:\/\/villaostrocroatia.com\/de\/wp-json\/wp\/v2\/users\/1"}],"replies":[{"embeddable":true,"href":"https:\/\/villaostrocroatia.com\/de\/wp-json\/wp\/v2\/comments?post=2333"}],"version-history":[{"count":0,"href":"https:\/\/villaostrocroatia.com\/de\/wp-json\/wp\/v2\/pages\/2333\/revisions"}],"wp:attachment":[{"href":"https:\/\/villaostrocroatia.com\/de\/wp-json\/wp\/v2\/media?parent=2333"}],"curies":[{"name":"wp","href":"https:\/\/api.w.org\/{rel}","templated":true}]}}