{"id":2336,"date":"2023-08-08T13:47:54","date_gmt":"2023-08-08T13:47:54","guid":{"rendered":"https:\/\/villaostrocroatia.com\/sport\/"},"modified":"2023-12-11T11:32:55","modified_gmt":"2023-12-11T11:32:55","slug":"sport","status":"publish","type":"page","link":"https:\/\/villaostrocroatia.com\/de\/sport\/","title":{"rendered":"Sport"},"content":{"rendered":"<p>[et_pb_section fb_built=&#8221;1&#8243; _builder_version=&#8221;4.21.2&#8243; _module_preset=&#8221;default&#8221; use_background_color_gradient=&#8221;on&#8221; background_color_gradient_stops=&#8221;rgba(0,0,0,0.25) 0%|rgba(0,0,0,0.25) 100%&#8221; background_color_gradient_overlays_image=&#8221;on&#8221; background_image=&#8221;https:\/\/villaostrocroatia.com\/wp-content\/uploads\/2023\/08\/sports-villa-ostro-scaled.jpeg&#8221; height=&#8221;50vh&#8221; global_colors_info=&#8221;{}&#8221;][et_pb_row _builder_version=&#8221;4.21.2&#8243; _module_preset=&#8221;default&#8221; custom_margin=&#8221;||||false|false&#8221; custom_padding=&#8221;5%||||false|false&#8221; global_colors_info=&#8221;{}&#8221;][et_pb_column type=&#8221;4_4&#8243; _builder_version=&#8221;4.21.2&#8243; _module_preset=&#8221;default&#8221; global_colors_info=&#8221;{}&#8221;][et_pb_text _builder_version=&#8221;4.22.0&#8243; _module_preset=&#8221;a87fe72a-4e82-4721-bba4-6ebd63e72d5a&#8221; header_2_font=&#8221;scotchdisplay-medium||||||||&#8221; header_2_text_align=&#8221;center&#8221; header_2_text_color=&#8221;#FAFAFA&#8221; custom_padding_tablet=&#8221;&#8221; custom_padding_phone=&#8221;25%||||false|false&#8221; custom_padding_last_edited=&#8221;on|desktop&#8221; scroll_vertical_motion=&#8221;10|50|50|50|8|0|0&#8243; border_width_bottom=&#8221;1px&#8221; border_color_bottom=&#8221;#FAFAFA&#8221; global_colors_info=&#8221;{}&#8221; header_2_text_color__hover_enabled=&#8221;on|hover&#8221; header_2_text_color__hover=&#8221;#FAFAFA&#8221;]<\/p>\n<h2>Sport<\/h2>\n<p>[\/et_pb_text][et_pb_text _builder_version=&#8221;4.22.2&#8243; _module_preset=&#8221;default&#8221; text_font=&#8221;scotchdisplay-medium||||||||&#8221; text_text_color=&#8221;#FAFAFA&#8221; text_font_size=&#8221;16px&#8221; text_orientation=&#8221;center&#8221; global_colors_info=&#8221;{}&#8221;]<\/p>\n<p>Egal, ob Sie ein Fitnessbegeisterter sind oder einfach nur Spa\u00df haben m\u00f6chten, wir bieten eine Reihe belebender Sportaktivit\u00e4ten, um Sie w\u00e4hrend Ihres Aufenthalts aktiv und unterhalten zu halten.<\/p>\n<p>[\/et_pb_text][\/et_pb_column][\/et_pb_row][\/et_pb_section][et_pb_section fb_built=&#8221;1&#8243; admin_label=&#8221;About&#8221; _builder_version=&#8221;4.21.2&#8243; _module_preset=&#8221;default&#8221; background_color=&#8221;rgba(146,187,195,0.2)&#8221; custom_padding=&#8221;0px||0px|||&#8221; collapsed=&#8221;off&#8221; global_colors_info=&#8221;{}&#8221;][et_pb_row column_structure=&#8221;1_2,1_2&#8243; custom_padding_last_edited=&#8221;on|desktop&#8221; _builder_version=&#8221;4.21.0&#8243; _module_preset=&#8221;default&#8221; custom_margin=&#8221;||||true|false&#8221; custom_padding=&#8221;5%||5%||true|false&#8221; custom_padding_tablet=&#8221;5%||5%||true|false&#8221; custom_padding_phone=&#8221;5%||5%||true|false&#8221; global_colors_info=&#8221;{}&#8221;][et_pb_column type=&#8221;1_2&#8243; _builder_version=&#8221;4.21.0&#8243; _module_preset=&#8221;default&#8221; global_colors_info=&#8221;{}&#8221;][et_pb_text _builder_version=&#8221;4.21.2&#8243; _module_preset=&#8221;a87fe72a-4e82-4721-bba4-6ebd63e72d5a&#8221; header_2_font=&#8221;scotchdisplay-medium||||||||&#8221; header_2_text_color=&#8221;#122C54&#8243; header_2_font_size=&#8221;48px&#8221; animation_style=&#8221;fade&#8221; border_color_bottom=&#8221;#122C54&#8243; global_colors_info=&#8221;{}&#8221;]<\/p>\n<h2>Erkunden Sie aktiv die Sch\u00f6nheiten der K\u00fcste.<\/h2>\n<h2><\/h2>\n<p>[\/et_pb_text][\/et_pb_column][et_pb_column type=&#8221;1_2&#8243; _builder_version=&#8221;4.21.0&#8243; _module_preset=&#8221;default&#8221; global_colors_info=&#8221;{}&#8221;][et_pb_text _builder_version=&#8221;4.22.1&#8243; _module_preset=&#8221;4b575a4a-2d00-492e-abca-979ed7a5ec71&#8243; header_4_font=&#8221;scotchdisplay-medium||||||||&#8221; header_4_text_align=&#8221;center&#8221; header_4_text_color=&#8221;#122C54&#8243; header_4_font_size=&#8221;20px&#8221; background_enable_color=&#8221;off&#8221; custom_margin=&#8221;0%|25px||25px|false|true&#8221; animation_style=&#8221;fade&#8221; header_4_text_align_tablet=&#8221;left&#8221; header_4_text_align_phone=&#8221;left&#8221; header_4_text_align_last_edited=&#8221;on|desktop&#8221; locked=&#8221;off&#8221; global_colors_info=&#8221;{}&#8221;]<\/p>\n<h4 style=\"text-align: left;\"><span>Die Villa O\u0161tro ist Ihr Tor zu einer Reihe aufregender sportlicher Aktivit\u00e4ten, die im Hinterland der Kvarner-Bucht, in der lebendigen Atmosph\u00e4re von Crikvenica und dem aktiven Geist von Krk stattfinden. Tauchen Sie ein in die Welt dynamischer Abenteuer, die ein integraler Bestandteil des Lebens dieser malerischen Orte sind.<\/span><\/h4>\n<p>[\/et_pb_text][\/et_pb_column][\/et_pb_row][\/et_pb_section][et_pb_section fb_built=&#8221;1&#8243; _builder_version=&#8221;4.21.2&#8243; _module_preset=&#8221;default&#8221; background_color=&#8221;#FAFAFA&#8221; global_colors_info=&#8221;{}&#8221;][et_pb_row column_structure=&#8221;1_2,1_2&#8243; _builder_version=&#8221;4.21.2&#8243; _module_preset=&#8221;default&#8221; global_colors_info=&#8221;{}&#8221;][et_pb_column type=&#8221;1_2&#8243; _builder_version=&#8221;4.21.2&#8243; _module_preset=&#8221;default&#8221; animation_style=&#8221;slide&#8221; animation_direction=&#8221;left&#8221; global_colors_info=&#8221;{}&#8221;][et_pb_text _builder_version=&#8221;4.21.2&#8243; _module_preset=&#8221;4b575a4a-2d00-492e-abca-979ed7a5ec71&#8243; header_3_font=&#8221;scotchdisplay-medium||||||||&#8221; header_3_text_color=&#8221;#70B3B9&#8243; header_3_font_size=&#8221;26px&#8221; header_4_font=&#8221;scotchdisplay-medium||||||||&#8221; header_4_text_color=&#8221;#122C54&#8243; header_4_font_size=&#8221;20px&#8221; background_enable_color=&#8221;off&#8221; custom_margin=&#8221;25.1%|8px||8px|false|true&#8221; locked=&#8221;off&#8221; global_colors_info=&#8221;{}&#8221;]<\/p>\n<h3 style=\"text-align: left;\"><strong>Wellness am Pool<\/strong><\/h3>\n<h4 style=\"text-align: left;\"><span>Tanken Sie Energie mit Workouts am Pool in der Villa O\u0161tro. Unser privater Pool bietet eine ruhige Umgebung f\u00fcr Wassergymnastik, Aqua-Yoga oder einfach erfrischendes Schwimmen, das Entspannung mit k\u00f6rperlicher Aktivit\u00e4t verbindet.<\/span><\/h4>\n<p>[\/et_pb_text][\/et_pb_column][et_pb_column type=&#8221;1_2&#8243; _builder_version=&#8221;4.21.2&#8243; _module_preset=&#8221;default&#8221; animation_direction=&#8221;right&#8221; global_colors_info=&#8221;{}&#8221;][et_pb_image src=&#8221;https:\/\/villaostrocroatia.com\/wp-content\/uploads\/2023\/08\/IMG_8488.jpg&#8221; _builder_version=&#8221;4.21.2&#8243; _module_preset=&#8221;default&#8221; max_width=&#8221;80%&#8221; module_alignment=&#8221;left&#8221; custom_margin=&#8221;-3%||||false|false&#8221; animation_style=&#8221;slide&#8221; animation_direction=&#8221;right&#8221; border_color_all=&#8221;#70B3B9&#8243; border_style_all=&#8221;none&#8221; global_colors_info=&#8221;{}&#8221; transform_styles__hover_enabled=&#8221;on|hover&#8221; transform_scale__hover_enabled=&#8221;on|hover&#8221; transform_translate__hover_enabled=&#8221;on|desktop&#8221; transform_rotate__hover_enabled=&#8221;on|desktop&#8221; transform_skew__hover_enabled=&#8221;on|desktop&#8221; transform_origin__hover_enabled=&#8221;on|desktop&#8221; transform_scale__hover=&#8221;103%|103%&#8221;][\/et_pb_image][et_pb_image src=&#8221;https:\/\/villaostrocroatia.com\/wp-content\/uploads\/2023\/08\/IMG_8902-scaled.jpg&#8221; _builder_version=&#8221;4.21.2&#8243; _module_preset=&#8221;default&#8221; max_width=&#8221;80%&#8221; module_alignment=&#8221;right&#8221; custom_margin=&#8221;-10%||||false|false&#8221; animation_style=&#8221;slide&#8221; animation_direction=&#8221;right&#8221; border_color_all=&#8221;#70B3B9&#8243; border_style_all=&#8221;none&#8221; global_colors_info=&#8221;{}&#8221; transform_styles__hover_enabled=&#8221;on|hover&#8221; transform_scale__hover_enabled=&#8221;on|hover&#8221; transform_translate__hover_enabled=&#8221;on|desktop&#8221; transform_rotate__hover_enabled=&#8221;on|desktop&#8221; transform_skew__hover_enabled=&#8221;on|desktop&#8221; transform_origin__hover_enabled=&#8221;on|desktop&#8221; transform_scale__hover=&#8221;103%|103%&#8221;][\/et_pb_image][\/et_pb_column][\/et_pb_row][et_pb_row _builder_version=&#8221;4.21.2&#8243; _module_preset=&#8221;default&#8221; global_colors_info=&#8221;{}&#8221;][et_pb_column type=&#8221;4_4&#8243; _builder_version=&#8221;4.21.2&#8243; _module_preset=&#8221;default&#8221; global_colors_info=&#8221;{}&#8221;][et_pb_text _builder_version=&#8221;4.23.1&#8243; _module_preset=&#8221;4b575a4a-2d00-492e-abca-979ed7a5ec71&#8243; header_3_font=&#8221;scotchdisplay-medium||||||||&#8221; header_3_text_align=&#8221;center&#8221; header_3_text_color=&#8221;#70B3B9&#8243; header_3_font_size=&#8221;26px&#8221; header_4_font=&#8221;scotchdisplay-medium||||||||&#8221; header_4_text_align=&#8221;center&#8221; header_4_text_color=&#8221;#122C54&#8243; header_4_font_size=&#8221;20px&#8221; background_enable_color=&#8221;off&#8221; custom_margin=&#8221;7%|8px||8px|false|true&#8221; hover_enabled=&#8221;0&#8243; header_3_text_align_tablet=&#8221;center&#8221; header_3_text_align_phone=&#8221;center&#8221; header_3_text_align_last_edited=&#8221;on|desktop&#8221; header_4_text_align_tablet=&#8221;left&#8221; header_4_text_align_phone=&#8221;left&#8221; header_4_text_align_last_edited=&#8221;on|phone&#8221; locked=&#8221;off&#8221; global_colors_info=&#8221;{}&#8221; sticky_enabled=&#8221;0&#8243;]<\/p>\n<h3 style=\"text-align: center;\"><strong>Aktivit\u00e4ten auf Krk<\/strong><\/h3>\n<h4><span>Entdecken Sie die Insel Krk durch sportliche Aktivit\u00e4ten. Vom Radfahren auf malerischen Wegen bis zum Kajakfahren in kristallklarem Meer bietet Krk zahlreiche M\u00f6glichkeiten, seine Sch\u00f6nheit auf aktive und dynamische Weise zu erleben. Wenn Sie Abenteuerlust versp\u00fcren, probieren Sie die Edison <a href=\"https:\/\/zipline-edison-krk.com\/de\/zipline\/\" target=\"_blank\" rel=\"noopener\"><span style=\"text-decoration: underline;\">Zipline<\/span><\/a>, <a href=\"https:\/\/wakeboarder.hr\/en\" target=\"_blank\" rel=\"noopener\"><span style=\"text-decoration: underline;\">Wakeboard Krk<\/span><\/a> oder mieten Sie einen Jet-Ski. Oder versuchen Sie sich im Thunfischangeln!<\/span><\/h4>\n<p>[\/et_pb_text][\/et_pb_column][\/et_pb_row][et_pb_row column_structure=&#8221;1_2,1_2&#8243; _builder_version=&#8221;4.21.2&#8243; _module_preset=&#8221;default&#8221; animation_style=&#8221;fade&#8221; global_colors_info=&#8221;{}&#8221;][et_pb_column type=&#8221;1_2&#8243; _builder_version=&#8221;4.21.2&#8243; _module_preset=&#8221;default&#8221; global_colors_info=&#8221;{}&#8221;][et_pb_image src=&#8221;https:\/\/villaostrocroatia.com\/wp-content\/uploads\/2023\/09\/baska.jpg&#8221; _builder_version=&#8221;4.22.1&#8243; _module_preset=&#8221;default&#8221; global_colors_info=&#8221;{}&#8221; transform_styles__hover_enabled=&#8221;on|hover&#8221; transform_scale__hover_enabled=&#8221;on|hover&#8221; transform_translate__hover_enabled=&#8221;on|desktop&#8221; transform_rotate__hover_enabled=&#8221;on|desktop&#8221; transform_skew__hover_enabled=&#8221;on|desktop&#8221; transform_origin__hover_enabled=&#8221;on|desktop&#8221; transform_scale__hover=&#8221;103%|103%&#8221;][\/et_pb_image][\/et_pb_column][et_pb_column type=&#8221;1_2&#8243; _builder_version=&#8221;4.21.2&#8243; _module_preset=&#8221;default&#8221; global_colors_info=&#8221;{}&#8221;][et_pb_image src=&#8221;https:\/\/villaostrocroatia.com\/wp-content\/uploads\/2023\/09\/krk-jetski.jpg&#8221; _builder_version=&#8221;4.22.1&#8243; _module_preset=&#8221;default&#8221; width=&#8221;102%&#8221; global_colors_info=&#8221;{}&#8221; transform_styles__hover_enabled=&#8221;on|hover&#8221; transform_scale__hover_enabled=&#8221;on|hover&#8221; transform_translate__hover_enabled=&#8221;on|desktop&#8221; transform_rotate__hover_enabled=&#8221;on|desktop&#8221; transform_skew__hover_enabled=&#8221;on|desktop&#8221; transform_origin__hover_enabled=&#8221;on|desktop&#8221; transform_scale__hover=&#8221;103%|103%&#8221;][\/et_pb_image][\/et_pb_column][\/et_pb_row][\/et_pb_section][et_pb_section fb_built=&#8221;1&#8243; admin_label=&#8221;About&#8221; _builder_version=&#8221;4.21.2&#8243; _module_preset=&#8221;default&#8221; background_color=&#8221;rgba(146,187,195,0.2)&#8221; custom_padding=&#8221;||0px|||&#8221; collapsed=&#8221;off&#8221; global_colors_info=&#8221;{}&#8221;][et_pb_row custom_padding_last_edited=&#8221;on|desktop&#8221; _builder_version=&#8221;4.21.0&#8243; _module_preset=&#8221;default&#8221; custom_margin=&#8221;||||true|false&#8221; custom_padding=&#8221;5%||5%||true|false&#8221; custom_padding_tablet=&#8221;5%||5%||true|false&#8221; custom_padding_phone=&#8221;5%||5%||true|false&#8221; global_colors_info=&#8221;{}&#8221;][et_pb_column type=&#8221;4_4&#8243; _builder_version=&#8221;4.21.0&#8243; _module_preset=&#8221;default&#8221; global_colors_info=&#8221;{}&#8221;][et_pb_text _builder_version=&#8221;4.21.2&#8243; _module_preset=&#8221;a87fe72a-4e82-4721-bba4-6ebd63e72d5a&#8221; header_2_font=&#8221;scotchdisplay-medium||||||||&#8221; header_2_text_align=&#8221;center&#8221; header_2_text_color=&#8221;#122C54&#8243; header_2_font_size=&#8221;48px&#8221; animation_style=&#8221;fade&#8221; border_color_bottom=&#8221;#122C54&#8243; global_colors_info=&#8221;{}&#8221;]<\/p>\n<h2>Schwimmen ist keine Option.<\/h2>\n<p>[\/et_pb_text][et_pb_button button_url=&#8221;https:\/\/villaostrocroatia.com\/#book&#8221; button_text=&#8221;Buchen Sie jetzt&#8221; button_alignment=&#8221;center&#8221; _builder_version=&#8221;4.22.2&#8243; _module_preset=&#8221;default&#8221; custom_button=&#8221;on&#8221; button_text_size=&#8221;18px&#8221; button_text_color=&#8221;#FAFAFA&#8221; button_bg_color=&#8221;#B06642&#8243; button_border_color=&#8221;#B06642&#8243; button_border_radius=&#8221;12px&#8221; button_font=&#8221;scotchdisplay-medium||||||||&#8221; button_icon=&#8221;&#x24;||divi||400&#8243; custom_margin=&#8221;5%||||false|false&#8221; custom_padding=&#8221;||||false|false&#8221; button_text_shadow_style=&#8221;preset3&#8243; global_colors_info=&#8221;{}&#8221; button_bg_color__hover_enabled=&#8221;on|hover&#8221; button_bg_color__hover=&#8221;rgba(176,102,66,0.9)&#8221; button_bg_enable_color__hover=&#8221;on&#8221; button_border_color__hover_enabled=&#8221;on|desktop&#8221; button_border_color__hover=&#8221;#B06642&#8243;][\/et_pb_button][\/et_pb_column][\/et_pb_row][\/et_pb_section][et_pb_section fb_built=&#8221;1&#8243; fullwidth=&#8221;on&#8221; _builder_version=&#8221;4.21.2&#8243; _module_preset=&#8221;default&#8221; background_color=&#8221;#FAFAFA&#8221; global_colors_info=&#8221;{}&#8221;][et_pb_fullwidth_code _builder_version=&#8221;4.21.0&#8243; _module_preset=&#8221;default&#8221; background_color=&#8221;#fafafa&#8221; global_colors_info=&#8221;{}&#8221;]<iframe src=\"https:\/\/www.google.com\/maps\/embed?pb=!1m14!1m8!1m3!1d11233.232748825505!2d14.5703226!3d45.2617806!3m2!1i1024!2i768!4f13.1!3m3!1m2!1s0x476361bf90eb5f09%3A0x2f54e7e7dd485f41!2sVilla%20Ostro!5e0!3m2!1sen!2shr!4v1690801080650!5m2!1sen!2shr\" width=\"2000\" height=\"300\" style=\"border:0;\" allowfullscreen=\"\" loading=\"lazy\" referrerpolicy=\"no-referrer-when-downgrade\"><\/iframe>[\/et_pb_fullwidth_code][\/et_pb_section]<\/p>\n","protected":false},"excerpt":{"rendered":"<p>SportEgal, ob Sie ein Fitnessbegeisterter sind oder einfach nur Spa\u00df haben m\u00f6chten, wir bieten eine Reihe belebender Sportaktivit\u00e4ten, um Sie w\u00e4hrend Ihres Aufenthalts aktiv und unterhalten zu halten.Erkunden Sie aktiv die Sch\u00f6nheiten der K\u00fcste. Die Villa O\u0161tro ist Ihr Tor zu einer Reihe aufregender sportlicher Aktivit\u00e4ten, die im Hinterland der Kvarner-Bucht, in der lebendigen Atmosph\u00e4re [&hellip;]<\/p>\n","protected":false},"author":1,"featured_media":0,"parent":0,"menu_order":0,"comment_status":"closed","ping_status":"closed","template":"","meta":{"_et_pb_use_builder":"on","_et_pb_old_content":"","_et_gb_content_width":"","footnotes":""},"class_list":["post-2336","page","type-page","status-publish","hentry"],"aioseo_notices":[],"_links":{"self":[{"href":"https:\/\/villaostrocroatia.com\/de\/wp-json\/wp\/v2\/pages\/2336","targetHints":{"allow":["GET"]}}],"collection":[{"href":"https:\/\/villaostrocroatia.com\/de\/wp-json\/wp\/v2\/pages"}],"about":[{"href":"https:\/\/villaostrocroatia.com\/de\/wp-json\/wp\/v2\/types\/page"}],"author":[{"embeddable":true,"href":"https:\/\/villaostrocroatia.com\/de\/wp-json\/wp\/v2\/users\/1"}],"replies":[{"embeddable":true,"href":"https:\/\/villaostrocroatia.com\/de\/wp-json\/wp\/v2\/comments?post=2336"}],"version-history":[{"count":0,"href":"https:\/\/villaostrocroatia.com\/de\/wp-json\/wp\/v2\/pages\/2336\/revisions"}],"wp:attachment":[{"href":"https:\/\/villaostrocroatia.com\/de\/wp-json\/wp\/v2\/media?parent=2336"}],"curies":[{"name":"wp","href":"https:\/\/api.w.org\/{rel}","templated":true}]}}