{"id":2339,"date":"2023-08-08T11:33:25","date_gmt":"2023-08-08T11:33:25","guid":{"rendered":"https:\/\/villaostrocroatia.com\/gastronomie\/"},"modified":"2023-12-11T12:13:29","modified_gmt":"2023-12-11T12:13:29","slug":"gastronomie","status":"publish","type":"page","link":"https:\/\/villaostrocroatia.com\/de\/gastronomie\/","title":{"rendered":"Gastronomie"},"content":{"rendered":"<p>[et_pb_section fb_built=&#8221;1&#8243; _builder_version=&#8221;4.22.1&#8243; _module_preset=&#8221;default&#8221; use_background_color_gradient=&#8221;on&#8221; background_color_gradient_stops=&#8221;rgba(0,0,0,0.25) 0%|rgba(0,0,0,0.25) 100%&#8221; background_color_gradient_overlays_image=&#8221;on&#8221; background_image=&#8221;https:\/\/villaostrocroatia.com\/wp-content\/uploads\/2023\/09\/croatiafood.jpg&#8221; height=&#8221;50vh&#8221; global_colors_info=&#8221;{}&#8221;][et_pb_row _builder_version=&#8221;4.21.2&#8243; _module_preset=&#8221;default&#8221; custom_margin=&#8221;||||false|false&#8221; custom_padding=&#8221;5%||||false|false&#8221; global_colors_info=&#8221;{}&#8221;][et_pb_column type=&#8221;4_4&#8243; _builder_version=&#8221;4.21.2&#8243; _module_preset=&#8221;default&#8221; global_colors_info=&#8221;{}&#8221;][et_pb_text _builder_version=&#8221;4.22.0&#8243; _module_preset=&#8221;a87fe72a-4e82-4721-bba4-6ebd63e72d5a&#8221; header_2_font=&#8221;scotchdisplay-medium||||||||&#8221; header_2_text_align=&#8221;center&#8221; header_2_text_color=&#8221;#FAFAFA&#8221; custom_padding_tablet=&#8221;&#8221; custom_padding_phone=&#8221;25%||||false|false&#8221; custom_padding_last_edited=&#8221;on|phone&#8221; scroll_vertical_motion=&#8221;10|50|50|50|8|0|0&#8243; border_width_bottom=&#8221;1px&#8221; border_color_bottom=&#8221;#FAFAFA&#8221; global_colors_info=&#8221;{}&#8221; header_2_text_color__hover_enabled=&#8221;on|hover&#8221; header_2_text_color__hover=&#8221;#FAFAFA&#8221;]<\/p>\n<h2>Gastronomie<\/h2>\n<p>[\/et_pb_text][et_pb_text _builder_version=&#8221;4.22.2&#8243; _module_preset=&#8221;default&#8221; text_text_color=&#8221;#FAFAFA&#8221; text_font_size=&#8221;16px&#8221; text_orientation=&#8221;center&#8221; global_colors_info=&#8221;{}&#8221;]<\/p>\n<p>G\u00f6nnen Sie sich eine gastronomische Reise durch Kroatien, wo exquisite Aromen und herrliche Aromen auf Sie warten. Unser kulinarisches Angebot soll Ihren Gaumen verw\u00f6hnen und unvergessliche kulinarische Erlebnisse schaffen.<\/p>\n<p>[\/et_pb_text][\/et_pb_column][\/et_pb_row][\/et_pb_section][et_pb_section fb_built=&#8221;1&#8243; admin_label=&#8221;About&#8221; _builder_version=&#8221;4.21.2&#8243; _module_preset=&#8221;default&#8221; background_color=&#8221;rgba(146,187,195,0.2)&#8221; custom_padding=&#8221;0px||0px|||&#8221; collapsed=&#8221;off&#8221; global_colors_info=&#8221;{}&#8221;][et_pb_row column_structure=&#8221;1_2,1_2&#8243; custom_padding_last_edited=&#8221;on|desktop&#8221; _builder_version=&#8221;4.21.0&#8243; _module_preset=&#8221;default&#8221; custom_margin=&#8221;||||true|false&#8221; custom_padding=&#8221;5%||5%||true|false&#8221; custom_padding_tablet=&#8221;5%||5%||true|false&#8221; custom_padding_phone=&#8221;5%||5%||true|false&#8221; global_colors_info=&#8221;{}&#8221;][et_pb_column type=&#8221;1_2&#8243; _builder_version=&#8221;4.21.0&#8243; _module_preset=&#8221;default&#8221; global_colors_info=&#8221;{}&#8221;][et_pb_text _builder_version=&#8221;4.23.1&#8243; _module_preset=&#8221;a87fe72a-4e82-4721-bba4-6ebd63e72d5a&#8221; header_2_font=&#8221;scotchdisplay-medium||||||||&#8221; header_2_text_color=&#8221;#122C54&#8243; header_2_font_size=&#8221;48px&#8221; animation_style=&#8221;fade&#8221; border_color_bottom=&#8221;#122C54&#8243; global_colors_info=&#8221;{}&#8221;]<\/p>\n<h2>Genie\u00dfen Sie die lokalen kulinarischen K\u00f6stlichkeiten<\/h2>\n<p>[\/et_pb_text][\/et_pb_column][et_pb_column type=&#8221;1_2&#8243; _builder_version=&#8221;4.21.0&#8243; _module_preset=&#8221;default&#8221; global_colors_info=&#8221;{}&#8221;][et_pb_text _builder_version=&#8221;4.22.1&#8243; _module_preset=&#8221;4b575a4a-2d00-492e-abca-979ed7a5ec71&#8243; header_4_font=&#8221;scotchdisplay-medium||||||||&#8221; header_4_text_color=&#8221;#122C54&#8243; header_4_font_size=&#8221;20px&#8221; background_enable_color=&#8221;off&#8221; custom_margin=&#8221;0%|25px||25px|false|true&#8221; animation_style=&#8221;fade&#8221; locked=&#8221;off&#8221; global_colors_info=&#8221;{}&#8221;]<\/p>\n<h4>In der Luxusvilla O\u0161tro laden wir Sie zu einer kulinarischen Reise ein, die die Vielfalt der kroatischen Aromen offenbart. Die N\u00e4he zu gastronomischen Zentren erm\u00f6glicht es uns, Ihnen den authentischen Geschmack des kulinarischen Erbes der Region zu bieten.<\/h4>\n<p>[\/et_pb_text][\/et_pb_column][\/et_pb_row][\/et_pb_section][et_pb_section fb_built=&#8221;1&#8243; _builder_version=&#8221;4.21.2&#8243; _module_preset=&#8221;default&#8221; background_color=&#8221;#FAFAFA&#8221; global_colors_info=&#8221;{}&#8221;][et_pb_row column_structure=&#8221;1_2,1_2&#8243; _builder_version=&#8221;4.21.2&#8243; _module_preset=&#8221;default&#8221; global_colors_info=&#8221;{}&#8221;][et_pb_column type=&#8221;1_2&#8243; _builder_version=&#8221;4.21.2&#8243; _module_preset=&#8221;default&#8221; animation_style=&#8221;slide&#8221; animation_direction=&#8221;left&#8221; global_colors_info=&#8221;{}&#8221;][et_pb_text _builder_version=&#8221;4.23.1&#8243; _module_preset=&#8221;4b575a4a-2d00-492e-abca-979ed7a5ec71&#8243; header_3_font=&#8221;scotchdisplay-medium||||||||&#8221; header_3_text_color=&#8221;#70B3B9&#8243; header_3_font_size=&#8221;26px&#8221; header_4_font=&#8221;scotchdisplay-medium||||||||&#8221; header_4_text_color=&#8221;#122C54&#8243; header_4_font_size=&#8221;20px&#8221; background_enable_color=&#8221;off&#8221; custom_margin=&#8221;22.5%|8px||8px|false|true&#8221; hover_enabled=&#8221;0&#8243; locked=&#8221;off&#8221; global_colors_info=&#8221;{}&#8221; sticky_enabled=&#8221;0&#8243;]<\/p>\n<h3 style=\"text-align: left;\"><strong>Geschmackserlebnis der Meeresfr\u00fcchte<\/strong><\/h3>\n<h4 style=\"text-align: left;\"><span>Tauchen Sie in den K\u00fcstencharme von Kraljevica, Crikvenica, Krk, Punat, Malinska ein, wo man frische Meeresfr\u00fcchte probieren muss. Genie\u00dfen Sie den saftigen Fisch aus der Adria, perfekt gegrillt und mit lokalen Zutaten serviert, die die Essenz des Meeres \u00fcbermitteln. Wenn Sie den Fisch selbst zubereiten m\u00f6chten, kaufen Sie ihn auf dem bekannten <a href=\"https:\/\/visitrijeka.hr\/de\/marktplatz-der-stadt-2\/\" target=\"_blank\" rel=\"noopener\"><span style=\"text-decoration: underline;\">Fischmarkt in Rijeka<\/span><\/a>. Seien Sie dort zwischen 9 und 11 Uhr morgens, um den besten Fisch zu kaufen!<\/span><\/h4>\n<p>[\/et_pb_text][\/et_pb_column][et_pb_column type=&#8221;1_2&#8243; _builder_version=&#8221;4.21.2&#8243; _module_preset=&#8221;default&#8221; animation_direction=&#8221;right&#8221; global_colors_info=&#8221;{}&#8221;][et_pb_image src=&#8221;https:\/\/villaostrocroatia.com\/wp-content\/uploads\/2023\/08\/seafood-villa-ostro-scaled.jpeg&#8221; _builder_version=&#8221;4.21.2&#8243; _module_preset=&#8221;default&#8221; max_width=&#8221;80%&#8221; module_alignment=&#8221;left&#8221; custom_margin=&#8221;-3%||||false|false&#8221; animation_style=&#8221;slide&#8221; animation_direction=&#8221;right&#8221; border_color_all=&#8221;#70B3B9&#8243; border_style_all=&#8221;none&#8221; global_colors_info=&#8221;{}&#8221; transform_styles__hover_enabled=&#8221;on|hover&#8221; transform_scale__hover_enabled=&#8221;on|hover&#8221; transform_translate__hover_enabled=&#8221;on|desktop&#8221; transform_rotate__hover_enabled=&#8221;on|desktop&#8221; transform_skew__hover_enabled=&#8221;on|desktop&#8221; transform_origin__hover_enabled=&#8221;on|desktop&#8221; transform_scale__hover=&#8221;103%|103%&#8221;][\/et_pb_image][et_pb_image src=&#8221;https:\/\/villaostrocroatia.com\/wp-content\/uploads\/2023\/08\/pexels-terje-sollie-566345.jpg&#8221; _builder_version=&#8221;4.21.2&#8243; _module_preset=&#8221;default&#8221; max_width=&#8221;80%&#8221; module_alignment=&#8221;right&#8221; custom_margin=&#8221;-10%||||false|false&#8221; animation_style=&#8221;slide&#8221; animation_direction=&#8221;right&#8221; border_color_all=&#8221;#70B3B9&#8243; border_style_all=&#8221;none&#8221; global_colors_info=&#8221;{}&#8221; transform_styles__hover_enabled=&#8221;on|hover&#8221; transform_scale__hover_enabled=&#8221;on|hover&#8221; transform_translate__hover_enabled=&#8221;on|desktop&#8221; transform_rotate__hover_enabled=&#8221;on|desktop&#8221; transform_skew__hover_enabled=&#8221;on|desktop&#8221; transform_origin__hover_enabled=&#8221;on|desktop&#8221; transform_scale__hover=&#8221;103%|103%&#8221;][\/et_pb_image][\/et_pb_column][\/et_pb_row][et_pb_row _builder_version=&#8221;4.21.2&#8243; _module_preset=&#8221;default&#8221; global_colors_info=&#8221;{}&#8221;][et_pb_column type=&#8221;4_4&#8243; _builder_version=&#8221;4.21.2&#8243; _module_preset=&#8221;default&#8221; global_colors_info=&#8221;{}&#8221;][et_pb_text _builder_version=&#8221;4.22.1&#8243; _module_preset=&#8221;4b575a4a-2d00-492e-abca-979ed7a5ec71&#8243; header_3_font=&#8221;scotchdisplay-medium||||||||&#8221; header_3_text_color=&#8221;#70B3B9&#8243; header_3_font_size=&#8221;26px&#8221; header_4_font=&#8221;scotchdisplay-medium||||||||&#8221; header_4_text_align=&#8221;center&#8221; header_4_text_color=&#8221;#122C54&#8243; header_4_font_size=&#8221;20px&#8221; background_enable_color=&#8221;off&#8221; custom_margin=&#8221;7%|8px||8px|false|true&#8221; header_4_text_align_tablet=&#8221;&#8221; header_4_text_align_phone=&#8221;left&#8221; header_4_text_align_last_edited=&#8221;on|phone&#8221; locked=&#8221;off&#8221; global_colors_info=&#8221;{}&#8221;]<\/p>\n<h3 style=\"text-align: center;\"><strong>Wie zu Hause<\/strong><\/h3>\n<h4>Erleben Sie die W\u00e4rme kroatischer Gastfreundschaft durch traditionelle Gerichte, die nach Heimat schmecken. Von der &#8220;Peke&#8221;, langsam gekochtem mit aromatischen Kr\u00e4utern bestreuten Fleisch und Gem\u00fcse, bis zum &#8220;Ispod Peke&#8221;, einer zarten Delikatesse, die langsam unter einem glockenf\u00f6rmigen Deckel gekocht wird.<\/h4>\n<p>[\/et_pb_text][\/et_pb_column][\/et_pb_row][et_pb_row column_structure=&#8221;1_2,1_2&#8243; _builder_version=&#8221;4.21.2&#8243; _module_preset=&#8221;default&#8221; animation_style=&#8221;fade&#8221; global_colors_info=&#8221;{}&#8221;][et_pb_column type=&#8221;1_2&#8243; _builder_version=&#8221;4.21.2&#8243; _module_preset=&#8221;default&#8221; global_colors_info=&#8221;{}&#8221;][et_pb_image src=&#8221;https:\/\/villaostrocroatia.com\/wp-content\/uploads\/2023\/08\/Downloader.la-64d22e707cad7.jpg&#8221; title_text=&#8221;%91Downloader.la%93-64d22e707cad7&#8243; _builder_version=&#8221;4.21.2&#8243; _module_preset=&#8221;default&#8221; global_colors_info=&#8221;{}&#8221; transform_styles__hover_enabled=&#8221;on|hover&#8221; transform_scale__hover_enabled=&#8221;on|hover&#8221; transform_translate__hover_enabled=&#8221;on|desktop&#8221; transform_rotate__hover_enabled=&#8221;on|desktop&#8221; transform_skew__hover_enabled=&#8221;on|desktop&#8221; transform_origin__hover_enabled=&#8221;on|desktop&#8221; transform_scale__hover=&#8221;103%|103%&#8221;][\/et_pb_image][\/et_pb_column][et_pb_column type=&#8221;1_2&#8243; _builder_version=&#8221;4.21.2&#8243; _module_preset=&#8221;default&#8221; global_colors_info=&#8221;{}&#8221;][et_pb_image src=&#8221;https:\/\/villaostrocroatia.com\/wp-content\/uploads\/2023\/08\/Downloader.la-64d22f7ebda3b.jpg&#8221; title_text=&#8221;Diese Gerichte sind das Herz der kroatischen K\u00fcche!&#8221; _builder_version=&#8221;4.21.2&#8243; _module_preset=&#8221;default&#8221; global_colors_info=&#8221;{}&#8221; transform_styles__hover_enabled=&#8221;on|hover&#8221; transform_scale__hover_enabled=&#8221;on|hover&#8221; transform_translate__hover_enabled=&#8221;on|desktop&#8221; transform_rotate__hover_enabled=&#8221;on|desktop&#8221; transform_skew__hover_enabled=&#8221;on|desktop&#8221; transform_origin__hover_enabled=&#8221;on|desktop&#8221; transform_scale__hover=&#8221;103%|103%&#8221;][\/et_pb_image][\/et_pb_column][\/et_pb_row][et_pb_row column_structure=&#8221;1_2,1_2&#8243; _builder_version=&#8221;4.21.2&#8243; _module_preset=&#8221;default&#8221; custom_margin=&#8221;45px|auto||auto||&#8221; global_colors_info=&#8221;{}&#8221;][et_pb_column type=&#8221;1_2&#8243; _builder_version=&#8221;4.21.2&#8243; _module_preset=&#8221;default&#8221; animation_style=&#8221;slide&#8221; animation_direction=&#8221;left&#8221; global_colors_info=&#8221;{}&#8221;][et_pb_text _builder_version=&#8221;4.21.2&#8243; _module_preset=&#8221;4b575a4a-2d00-492e-abca-979ed7a5ec71&#8243; header_3_font=&#8221;scotchdisplay-medium||||||||&#8221; header_3_text_color=&#8221;#70B3B9&#8243; header_3_font_size=&#8221;26px&#8221; header_4_font=&#8221;scotchdisplay-medium||||||||&#8221; header_4_text_color=&#8221;#122C54&#8243; header_4_font_size=&#8221;20px&#8221; background_enable_color=&#8221;off&#8221; custom_margin=&#8221;23.5%|8px||8px|false|true&#8221; locked=&#8221;off&#8221; global_colors_info=&#8221;{}&#8221;]<\/p>\n<h3 style=\"text-align: left;\"><strong>S\u00fc\u00dfe Abschl\u00fcsse<\/strong><\/h3>\n<h4>Vervollst\u00e4ndigen Sie Ihr kulinarisches Abenteuer mit k\u00f6stlichen durch lokale Zutaten inspirierten Desserts. G\u00f6nnen Sie sich &#8220;Kro\u0161tule&#8221;, leichte und knusprige mit Puderzucker bestreute Geb\u00e4cke, oder &#8220;Ro\u017eata\u201c, ein mit Rosenlik\u00f6r zubereitetes Dessert.<\/h4>\n<p>&nbsp;<\/p>\n<p>[\/et_pb_text][\/et_pb_column][et_pb_column type=&#8221;1_2&#8243; _builder_version=&#8221;4.21.2&#8243; _module_preset=&#8221;default&#8221; animation_direction=&#8221;right&#8221; global_colors_info=&#8221;{}&#8221;][et_pb_image src=&#8221;https:\/\/villaostrocroatia.com\/wp-content\/uploads\/2023\/08\/64d232270cc2f.jpg&#8221; _builder_version=&#8221;4.21.2&#8243; _module_preset=&#8221;default&#8221; max_width=&#8221;80%&#8221; module_alignment=&#8221;left&#8221; custom_margin=&#8221;-3%||||false|false&#8221; animation_style=&#8221;slide&#8221; animation_direction=&#8221;right&#8221; border_color_all=&#8221;#70B3B9&#8243; border_style_all=&#8221;none&#8221; global_colors_info=&#8221;{}&#8221; transform_styles__hover_enabled=&#8221;on|hover&#8221; transform_scale__hover_enabled=&#8221;on|hover&#8221; transform_translate__hover_enabled=&#8221;on|desktop&#8221; transform_rotate__hover_enabled=&#8221;on|desktop&#8221; transform_skew__hover_enabled=&#8221;on|desktop&#8221; transform_origin__hover_enabled=&#8221;on|desktop&#8221; transform_scale__hover=&#8221;103%|103%&#8221;][\/et_pb_image][et_pb_image src=&#8221;https:\/\/villaostrocroatia.com\/wp-content\/uploads\/2023\/08\/64d2324a0a3ef.jpg&#8221; _builder_version=&#8221;4.21.2&#8243; _module_preset=&#8221;default&#8221; max_width=&#8221;80%&#8221; module_alignment=&#8221;right&#8221; custom_margin=&#8221;-10%||||false|false&#8221; animation_style=&#8221;slide&#8221; animation_direction=&#8221;right&#8221; border_color_all=&#8221;#70B3B9&#8243; border_style_all=&#8221;none&#8221; global_colors_info=&#8221;{}&#8221; transform_styles__hover_enabled=&#8221;on|hover&#8221; transform_scale__hover_enabled=&#8221;on|hover&#8221; transform_translate__hover_enabled=&#8221;on|desktop&#8221; transform_rotate__hover_enabled=&#8221;on|desktop&#8221; transform_skew__hover_enabled=&#8221;on|desktop&#8221; transform_origin__hover_enabled=&#8221;on|desktop&#8221; transform_scale__hover=&#8221;103%|103%&#8221;][\/et_pb_image][\/et_pb_column][\/et_pb_row][\/et_pb_section][et_pb_section fb_built=&#8221;1&#8243; admin_label=&#8221;About&#8221; _builder_version=&#8221;4.21.2&#8243; _module_preset=&#8221;default&#8221; background_color=&#8221;rgba(146,187,195,0.2)&#8221; custom_padding=&#8221;||0px|||&#8221; collapsed=&#8221;off&#8221; global_colors_info=&#8221;{}&#8221;][et_pb_row custom_padding_last_edited=&#8221;on|desktop&#8221; _builder_version=&#8221;4.21.0&#8243; _module_preset=&#8221;default&#8221; custom_margin=&#8221;||||true|false&#8221; custom_padding=&#8221;5%||5%||true|false&#8221; custom_padding_tablet=&#8221;5%||5%||true|false&#8221; custom_padding_phone=&#8221;5%||5%||true|false&#8221; global_colors_info=&#8221;{}&#8221;][et_pb_column type=&#8221;4_4&#8243; _builder_version=&#8221;4.21.0&#8243; _module_preset=&#8221;default&#8221; global_colors_info=&#8221;{}&#8221;][et_pb_text _builder_version=&#8221;4.21.2&#8243; _module_preset=&#8221;a87fe72a-4e82-4721-bba4-6ebd63e72d5a&#8221; header_2_font=&#8221;scotchdisplay-medium||||||||&#8221; header_2_text_align=&#8221;center&#8221; header_2_text_color=&#8221;#122C54&#8243; header_2_font_size=&#8221;48px&#8221; animation_style=&#8221;fade&#8221; border_color_bottom=&#8221;#122C54&#8243; global_colors_info=&#8221;{}&#8221;]<\/p>\n<h2>Es ist so sch\u00f6n, dich zu sehen!<\/h2>\n<p>[\/et_pb_text][et_pb_button button_url=&#8221;https:\/\/villaostrocroatia.com\/#book&#8221; button_text=&#8221;Buchen Sie jetzt&#8221; button_alignment=&#8221;center&#8221; _builder_version=&#8221;4.22.2&#8243; _module_preset=&#8221;default&#8221; custom_button=&#8221;on&#8221; button_text_size=&#8221;18px&#8221; button_text_color=&#8221;#FAFAFA&#8221; button_bg_color=&#8221;#B06642&#8243; button_border_color=&#8221;#B06642&#8243; button_border_radius=&#8221;12px&#8221; button_font=&#8221;scotchdisplay-medium||||||||&#8221; button_icon=&#8221;&#x24;||divi||400&#8243; custom_margin=&#8221;5%||||false|false&#8221; custom_padding=&#8221;||||false|false&#8221; button_text_shadow_style=&#8221;preset3&#8243; global_colors_info=&#8221;{}&#8221; button_bg_color__hover_enabled=&#8221;on|desktop&#8221; button_bg_color__hover=&#8221;rgba(176,102,66,0.89)&#8221; button_bg_enable_color__hover=&#8221;on&#8221; button_border_color__hover_enabled=&#8221;on|hover&#8221; button_border_color__hover=&#8221;#B06642&#8243;][\/et_pb_button][\/et_pb_column][\/et_pb_row][\/et_pb_section][et_pb_section fb_built=&#8221;1&#8243; fullwidth=&#8221;on&#8221; _builder_version=&#8221;4.21.2&#8243; _module_preset=&#8221;default&#8221; background_color=&#8221;#FAFAFA&#8221; global_colors_info=&#8221;{}&#8221;][et_pb_fullwidth_code _builder_version=&#8221;4.21.0&#8243; _module_preset=&#8221;default&#8221; background_color=&#8221;#fafafa&#8221; global_colors_info=&#8221;{}&#8221;]<iframe src=\"https:\/\/www.google.com\/maps\/embed?pb=!1m14!1m8!1m3!1d11233.232748825505!2d14.5703226!3d45.2617806!3m2!1i1024!2i768!4f13.1!3m3!1m2!1s0x476361bf90eb5f09%3A0x2f54e7e7dd485f41!2sVilla%20Ostro!5e0!3m2!1sen!2shr!4v1690801080650!5m2!1sen!2shr\" width=\"2000\" height=\"300\" style=\"border:0;\" allowfullscreen=\"\" loading=\"lazy\" referrerpolicy=\"no-referrer-when-downgrade\"><\/iframe>[\/et_pb_fullwidth_code][\/et_pb_section]<\/p>\n","protected":false},"excerpt":{"rendered":"<p>GastronomieG\u00f6nnen Sie sich eine gastronomische Reise durch Kroatien, wo exquisite Aromen und herrliche Aromen auf Sie warten. Unser kulinarisches Angebot soll Ihren Gaumen verw\u00f6hnen und unvergessliche kulinarische Erlebnisse schaffen.Genie\u00dfen Sie die lokalen kulinarischen K\u00f6stlichkeitenIn der Luxusvilla O\u0161tro laden wir Sie zu einer kulinarischen Reise ein, die die Vielfalt der kroatischen Aromen offenbart. Die N\u00e4he zu [&hellip;]<\/p>\n","protected":false},"author":1,"featured_media":0,"parent":0,"menu_order":0,"comment_status":"closed","ping_status":"closed","template":"","meta":{"_et_pb_use_builder":"on","_et_pb_old_content":"","_et_gb_content_width":"","footnotes":""},"class_list":["post-2339","page","type-page","status-publish","hentry"],"aioseo_notices":[],"_links":{"self":[{"href":"https:\/\/villaostrocroatia.com\/de\/wp-json\/wp\/v2\/pages\/2339","targetHints":{"allow":["GET"]}}],"collection":[{"href":"https:\/\/villaostrocroatia.com\/de\/wp-json\/wp\/v2\/pages"}],"about":[{"href":"https:\/\/villaostrocroatia.com\/de\/wp-json\/wp\/v2\/types\/page"}],"author":[{"embeddable":true,"href":"https:\/\/villaostrocroatia.com\/de\/wp-json\/wp\/v2\/users\/1"}],"replies":[{"embeddable":true,"href":"https:\/\/villaostrocroatia.com\/de\/wp-json\/wp\/v2\/comments?post=2339"}],"version-history":[{"count":0,"href":"https:\/\/villaostrocroatia.com\/de\/wp-json\/wp\/v2\/pages\/2339\/revisions"}],"wp:attachment":[{"href":"https:\/\/villaostrocroatia.com\/de\/wp-json\/wp\/v2\/media?parent=2339"}],"curies":[{"name":"wp","href":"https:\/\/api.w.org\/{rel}","templated":true}]}}