{"id":2261,"date":"2023-08-08T11:26:27","date_gmt":"2023-08-08T11:26:27","guid":{"rendered":"https:\/\/villaostrocroatia.com\/poludnevni-izleti\/"},"modified":"2024-03-21T14:24:30","modified_gmt":"2024-03-21T14:24:30","slug":"poludnevni-izleti","status":"publish","type":"page","link":"https:\/\/villaostrocroatia.com\/hr\/poludnevni-izleti\/","title":{"rendered":"Poludnevni izleti"},"content":{"rendered":"<p>[et_pb_section fb_built=&#8221;1&#8243; _builder_version=&#8221;4.22.2&#8243; _module_preset=&#8221;default&#8221; use_background_color_gradient=&#8221;on&#8221; background_color_gradient_stops=&#8221;rgba(0,0,0,0.35) 0%|rgba(0,0,0,0.35) 100%&#8221; background_color_gradient_overlays_image=&#8221;on&#8221; background_image=&#8221;https:\/\/villaostrocroatia.com\/wp-content\/uploads\/2023\/08\/pexels-peter-fazekas-12652573.jpg&#8221; height=&#8221;50vh&#8221; global_colors_info=&#8221;{}&#8221;][et_pb_row _builder_version=&#8221;4.21.2&#8243; _module_preset=&#8221;default&#8221; custom_margin=&#8221;||||false|false&#8221; custom_padding=&#8221;5%||||false|false&#8221; global_colors_info=&#8221;{}&#8221;][et_pb_column type=&#8221;4_4&#8243; _builder_version=&#8221;4.21.2&#8243; _module_preset=&#8221;default&#8221; global_colors_info=&#8221;{}&#8221;][et_pb_text _builder_version=&#8221;4.22.0&#8243; _module_preset=&#8221;a87fe72a-4e82-4721-bba4-6ebd63e72d5a&#8221; header_2_font=&#8221;scotchdisplay-medium||||||||&#8221; header_2_text_align=&#8221;center&#8221; header_2_text_color=&#8221;#FAFAFA&#8221; custom_padding_tablet=&#8221;&#8221; custom_padding_phone=&#8221;25%||||false|false&#8221; custom_padding_last_edited=&#8221;on|phone&#8221; scroll_vertical_motion=&#8221;10|50|50|50|8|0|0&#8243; border_width_bottom=&#8221;1px&#8221; border_color_bottom=&#8221;#FAFAFA&#8221; global_colors_info=&#8221;{}&#8221; header_2_text_color__hover_enabled=&#8221;on|hover&#8221; header_2_text_color__hover=&#8221;#FAFAFA&#8221;]<\/p>\n<h2>Poludnevni izleti<\/h2>\n<p>[\/et_pb_text][et_pb_text _builder_version=&#8221;4.22.2&#8243; _module_preset=&#8221;default&#8221; text_font=&#8221;scotchdisplay-medium||||||||&#8221; text_text_color=&#8221;#FAFAFA&#8221; text_font_size=&#8221;16px&#8221; text_orientation=&#8221;center&#8221; text_orientation_tablet=&#8221;center&#8221; text_orientation_phone=&#8221;center&#8221; text_orientation_last_edited=&#8221;on|desktop&#8221; global_colors_info=&#8221;{}&#8221;]<\/p>\n<p><span>Uronite u obalni \u0161arm Kraljevice uz poludnevne izlete istra\u017euju\u0107i slikovite pla\u017ee, ljupka ribarska sela i vidikovce koji oduzimaju dah. <\/span><\/p>\n<p>[\/et_pb_text][\/et_pb_column][\/et_pb_row][\/et_pb_section][et_pb_section fb_built=&#8221;1&#8243; _builder_version=&#8221;4.21.2&#8243; _module_preset=&#8221;default&#8221; background_color=&#8221;#FAFAFA&#8221; global_colors_info=&#8221;{}&#8221;][et_pb_row column_structure=&#8221;1_2,1_2&#8243; _builder_version=&#8221;4.21.2&#8243; _module_preset=&#8221;default&#8221; global_colors_info=&#8221;{}&#8221;][et_pb_column type=&#8221;1_2&#8243; _builder_version=&#8221;4.21.2&#8243; _module_preset=&#8221;default&#8221; animation_style=&#8221;slide&#8221; animation_direction=&#8221;left&#8221; global_colors_info=&#8221;{}&#8221;][et_pb_image src=&#8221;https:\/\/villaostrocroatia.com\/wp-content\/uploads\/2023\/09\/steptodown.com295230.jpg&#8221; _builder_version=&#8221;4.22.1&#8243; _module_preset=&#8221;default&#8221; global_colors_info=&#8221;{}&#8221;][\/et_pb_image][\/et_pb_column][et_pb_column type=&#8221;1_2&#8243; _builder_version=&#8221;4.21.2&#8243; _module_preset=&#8221;default&#8221; animation_style=&#8221;slide&#8221; animation_direction=&#8221;right&#8221; global_colors_info=&#8221;{}&#8221;][et_pb_text _builder_version=&#8221;4.24.2&#8243; _module_preset=&#8221;4b575a4a-2d00-492e-abca-979ed7a5ec71&#8243; header_3_font=&#8221;scotchdisplay-medium||||||||&#8221; header_3_text_color=&#8221;#70B3B9&#8243; header_3_font_size=&#8221;26px&#8221; header_4_font=&#8221;scotchdisplay-medium||||||||&#8221; header_4_text_color=&#8221;#122C54&#8243; header_4_font_size=&#8221;20px&#8221; background_enable_color=&#8221;off&#8221; custom_margin=&#8221;14%|8px||8px|false|true&#8221; hover_enabled=&#8221;0&#8243; locked=&#8221;off&#8221; global_colors_info=&#8221;{}&#8221; sticky_enabled=&#8221;0&#8243;]<\/p>\n<h3 style=\"text-align: left;\"><strong>Primorski \u0161arm<\/strong><\/h3>\n<h4 style=\"text-align: left;\">Uronite u obalni \u0161arm brojnih gradova u blizini poput <a href=\"https:\/\/www.rivieracrikvenica.com\/\" target=\"_blank\" rel=\"noopener\"><span style=\"text-decoration: underline;\">Crikvenica<\/span><\/a><span style=\"text-decoration: underline;\"> (<a href=\"https:\/\/www.google.com\/maps\/dir\/Villa+Ostro,+Ul.+Marijana+Jurkovi%C4%87a+22,+51262,+Kraljevica\/Crikvenica\/@45.2199411,14.5948444,13z\/data=!3m1!4b1!4m14!4m13!1m5!1m1!1s0x476361bf90eb5f09:0x2f54e7e7dd485f41!2m2!1d14.5703353!2d45.2617732!1m5!1m1!1s0x47637b8182355203:0xab5feb426599e29!2m2!1d14.6915049!2d45.173583!3e0?entry=ttu\">ruta<\/a>)<\/span>,  <a href=\"https:\/\/vrbnik.hr\/en\/\" target=\"_blank\" rel=\"noopener\"><span style=\"text-decoration: underline;\">Vrbnik<\/span><\/a><span style=\"text-decoration: underline;\">(<a href=\"https:\/\/www.google.com\/maps\/dir\/Villa+Ostro,+Ul.+Marijana+Jurkovi%C4%87a+22,+51262,+Kraljevica\/Vrbnik\/@45.1490554,14.4411152,11z\/data=!3m1!4b1!4m14!4m13!1m5!1m1!1s0x476361bf90eb5f09:0x2f54e7e7dd485f41!2m2!1d14.5703353!2d45.2617732!1m5!1m1!1s0x476370d96f1f3b97:0x7b33b6d523580153!2m2!1d14.6752504!2d45.0757288!3e0?entry=ttu\">ruta<\/a>)<\/span>, <a href=\"https:\/\/krk.hr\/en\/\" target=\"_blank\" rel=\"noopener\"><span style=\"text-decoration: underline;\">Krk<\/span><\/a><span style=\"text-decoration: underline;\">(<a href=\"https:\/\/www.google.com\/maps\/dir\/Villa+Ostro,+Ul.+Marijana+Jurkovi%C4%87a+22,+51262,+Kraljevica\/Krk\/@45.1477331,14.3850259,11z\/data=!3m1!4b1!4m14!4m13!1m5!1m1!1s0x476361bf90eb5f09:0x2f54e7e7dd485f41!2m2!1d14.5703353!2d45.2617732!1m5!1m1!1s0x47637209729f04d1:0x26120dd1806a9b6a!2m2!1d14.5752114!2d45.0278995!3e0?entry=ttu\">ruta<\/a>)<\/span> ili <a href=\"https:\/\/www.visitopatija.com\/en\" target=\"_blank\" rel=\"noopener\"><span style=\"text-decoration: underline;\">Opatija<\/span><\/a><span style=\"text-decoration: underline;\">(<a href=\"https:\/\/www.google.com\/maps\/dir\/Villa+Ostro,+Ul.+Marijana+Jurkovi%C4%87a+22,+51262,+Kraljevica\/Opatija\/@45.3093889,14.3729118,12z\/data=!3m1!4b1!4m14!4m13!1m5!1m1!1s0x476361bf90eb5f09:0x2f54e7e7dd485f41!2m2!1d14.5703353!2d45.2617732!1m5!1m1!1s0x4764a84acbb5741b:0x400ad50862bc290!2m2!1d14.305196!2d45.3376197!3e0?entry=ttu\">ruta<\/a>)<\/span>. Krenite na poludnevni izlet istra\u017euju\u0107i slikovite pla\u017ee poput pla\u017ee Jadranovo ili Ba\u0161ka, ljupka ribarska mjesta i vidikovce koji oduzimaju dah. Uhvatite sr\u017e jadranske obale dok u\u017eivate u osvje\u017eavaju\u0107em morskom povjetarcu ili krenite na <a href=\"https:\/\/tirafishing.com\/en\" target=\"_blank\" rel=\"noopener\"><span style=\"text-decoration: underline;\"><em>avantura ribolova tun<\/em> <em>e<\/em><\/span><\/a><span style=\"text-decoration: underline;\">(<a href=\"https:\/\/www.google.com\/maps\/dir\/Villa+Ostro,+Ul.+Marijana+Jurkovi%C4%87a+22,+51262,+Kraljevica\/Tira+fishing+%26+charter,+Bakarac,+Kraljevica\/@45.2678909,14.5629368,15z\/data=!4m14!4m13!1m5!1m1!1s0x476361bf90eb5f09:0x2f54e7e7dd485f41!2m2!1d14.5703353!2d45.2617732!1m5!1m1!1s0x47649fa5b2a32c07:0xd17da3e253aa0762!2m2!1d14.5811923!2d45.2813727!3e0?entry=ttu\">tura<\/a>)<\/span>.<\/h4>\n<p>[\/et_pb_text][\/et_pb_column][\/et_pb_row][et_pb_row column_structure=&#8221;1_2,1_2&#8243; _builder_version=&#8221;4.21.2&#8243; _module_preset=&#8221;default&#8221; global_colors_info=&#8221;{}&#8221;][et_pb_column type=&#8221;1_2&#8243; _builder_version=&#8221;4.21.2&#8243; _module_preset=&#8221;default&#8221; animation_style=&#8221;slide&#8221; animation_direction=&#8221;left&#8221; global_colors_info=&#8221;{}&#8221;][et_pb_text _builder_version=&#8221;4.22.2&#8243; _module_preset=&#8221;4b575a4a-2d00-492e-abca-979ed7a5ec71&#8243; header_3_font=&#8221;scotchdisplay-medium||||||||&#8221; header_3_text_color=&#8221;#70B3B9&#8243; header_3_font_size=&#8221;26px&#8221; header_4_font=&#8221;scotchdisplay-medium||||||||&#8221; header_4_text_color=&#8221;#122C54&#8243; header_4_font_size=&#8221;20px&#8221; background_enable_color=&#8221;off&#8221; custom_margin=&#8221;14%|8px||8px|false|true&#8221; locked=&#8221;off&#8221; global_colors_info=&#8221;{}&#8221;]<\/p>\n<h3 style=\"text-align: left;\"><strong>Kulturni u\u017eici<\/strong><\/h3>\n<h4 style=\"text-align: left;\">Istra\u017eite bogatu kulturnu ba\u0161tinu regije uz poludnevni izlet do povijesnih znamenitosti, drevnih ru\u0161evina i \u0161armantnih gradova. Otkrijte fascinantne pri\u010de koje su oblikovale lokalni identitet. Zapo\u010dnite s Kraljevicom u lokalnom muzeju i pri\u010dom o <a href=\"https:\/\/frankopani.eu\/en\/\" target=\"_blank\" rel=\"noopener\"><span style=\"text-decoration: underline;\">frankopanskoj ba\u0161tini<\/span><\/a>. Dvorci, utvr\u0111eni gradovi, bitke, osobne drame\u2026<\/h4>\n<p>[\/et_pb_text][\/et_pb_column][et_pb_column type=&#8221;1_2&#8243; _builder_version=&#8221;4.21.2&#8243; _module_preset=&#8221;default&#8221; animation_style=&#8221;slide&#8221; animation_direction=&#8221;right&#8221; global_colors_info=&#8221;{}&#8221;][et_pb_image src=&#8221;https:\/\/villaostrocroatia.com\/wp-content\/uploads\/2023\/09\/pexels-vladimir-srajber-12124897.jpg&#8221; _builder_version=&#8221;4.22.1&#8243; _module_preset=&#8221;default&#8221; global_colors_info=&#8221;{}&#8221;][\/et_pb_image][\/et_pb_column][\/et_pb_row][et_pb_row _builder_version=&#8221;4.22.1&#8243; _module_preset=&#8221;default&#8221; custom_padding=&#8221;||2px|||&#8221; global_colors_info=&#8221;{}&#8221;][et_pb_column type=&#8221;4_4&#8243; _builder_version=&#8221;4.22.1&#8243; _module_preset=&#8221;default&#8221; global_colors_info=&#8221;{}&#8221;][et_pb_text _builder_version=&#8221;4.24.2&#8243; _module_preset=&#8221;4b575a4a-2d00-492e-abca-979ed7a5ec71&#8243; header_3_font=&#8221;scotchdisplay-medium||||||||&#8221; header_3_text_align=&#8221;center&#8221; header_3_text_color=&#8221;#70B3B9&#8243; header_3_font_size=&#8221;30px&#8221; header_4_font=&#8221;scotchdisplay-medium||||||||&#8221; header_4_text_align=&#8221;center&#8221; header_4_text_color=&#8221;#122C54&#8243; header_4_font_size=&#8221;20px&#8221; background_enable_color=&#8221;off&#8221; custom_margin=&#8221;3%|8px||8px|false|true&#8221; hover_enabled=&#8221;0&#8243; header_3_text_align_tablet=&#8221;left&#8221; header_3_text_align_phone=&#8221;left&#8221; header_3_text_align_last_edited=&#8221;on|desktop&#8221; header_4_text_align_tablet=&#8221;left&#8221; header_4_text_align_phone=&#8221;left&#8221; header_4_text_align_last_edited=&#8221;on|desktop&#8221; locked=&#8221;off&#8221; global_colors_info=&#8221;{}&#8221; sticky_enabled=&#8221;0&#8243;]<\/p>\n<h3><strong>Istra\u017eivanje kulturnih dragulja u Rijeci<\/strong><\/h3>\n<h4>Do\u017eivite \u017eivopisnu kulturnu tapiseriju Rijeke<a href=\"https:\/\/www.rijeka.hr\/en\/\" target=\"_blank\" rel=\"noopener\"><span style=\"text-decoration: underline;\"><\/span><\/a><a href=\"https:\/\/www.google.com\/maps\/dir\/Villa+Ostro,+Ul.+Marijana+Jurkovi%C4%87a+22,+51262,+Kraljevica\/Rijeka\/@45.2923139,14.4805805,13z\/data=!3m1!4b1!4m14!4m13!1m5!1m1!1s0x476361bf90eb5f09:0x2f54e7e7dd485f41!2m2!1d14.5703353!2d45.2617732!1m5!1m1!1s0x4764a12517aabe2d:0x373c6f383dcbb670!2m2!1d14.442176!2d45.3270631!3e0?entry=ttu\"> (ruta)<\/a>, grad koji besprijekorno spaja povijest, umjetnost i inovaciju. Ovaj \u0107e Vas poludnevni izlet odvesti na putovanje kroz vrijeme i kreativnost, dok istra\u017eujete <a href=\"https:\/\/www.rijeka.hr\/en\/city-government\/institutions\/cultural-institutions\/\" target=\"_blank\" rel=\"noopener\"><span style=\"text-decoration: underline;\">muzeje<\/span><\/a>, <a href=\"https:\/\/visitrijeka.hr\/en\/history\/\" target=\"_blank\" rel=\"noopener\"><span style=\"text-decoration: underline;\">povijesna mjesta<\/span><\/a> i l<a href=\"https:\/\/visitrijeka.hr\/en\/city\/\" target=\"_blank\" rel=\"noopener\"><span style=\"text-decoration: underline;\">okalna blaga<\/span><\/a>. Rijeka je poznata i kao grad u kojemu je izumljen <a href=\"https:\/\/visitrijeka.hr\/en\/torpedo\/\" target=\"_blank\" rel=\"noopener\"><span style=\"text-decoration: underline;\">torpedo,<\/span><\/a><span>revolucionarno pomorsko oru\u017eje. Jedna neobi\u010dna zanimljivost \u2013 rije\u010dki Pomorski i povijesni muzej jedino je mjesto u Europi gdje se \u010duva originalni <a href=\"https:\/\/visitrijeka.hr\/en\/titanic-carpathia-rijeka\/\" target=\"_blank\" rel=\"noopener\"><span style=\"text-decoration: underline;\">prsluk za spa\u0161avanje s Titanica<\/span><\/a> <\/span><span>located in Europe preserved in <a href=\"https:\/\/ppmhp.hr\/en\/\" target=\"_blank\" rel=\"noopener\"><span style=\"text-decoration: underline;\">Rijeka Maritime and Historical Museum.<\/span><\/a><\/span><\/h4>\n<p>[\/et_pb_text][et_pb_image src=&#8221;https:\/\/villaostrocroatia.com\/wp-content\/uploads\/2024\/03\/1-scaled.jpg&#8221; _builder_version=&#8221;4.24.2&#8243; _module_preset=&#8221;default&#8221; hover_enabled=&#8221;0&#8243; sticky_enabled=&#8221;0&#8243; max_width=&#8221;80%&#8221; module_alignment=&#8221;center&#8221;][\/et_pb_image][\/et_pb_column][\/et_pb_row][et_pb_row column_structure=&#8221;1_2,1_2&#8243; _builder_version=&#8221;4.21.2&#8243; _module_preset=&#8221;default&#8221; global_colors_info=&#8221;{}&#8221;][et_pb_column type=&#8221;1_2&#8243; _builder_version=&#8221;4.21.2&#8243; _module_preset=&#8221;default&#8221; animation_style=&#8221;slide&#8221; animation_direction=&#8221;left&#8221; global_colors_info=&#8221;{}&#8221;][et_pb_text _builder_version=&#8221;4.22.2&#8243; _module_preset=&#8221;4b575a4a-2d00-492e-abca-979ed7a5ec71&#8243; header_3_font=&#8221;scotchdisplay-medium||||||||&#8221; header_3_text_align=&#8221;center&#8221; header_3_text_color=&#8221;#70B3B9&#8243; header_3_font_size=&#8221;26px&#8221; header_4_font=&#8221;scotchdisplay-medium||||||||&#8221; header_4_text_align=&#8221;center&#8221; header_4_text_color=&#8221;#122C54&#8243; header_4_font_size=&#8221;20px&#8221; background_enable_color=&#8221;off&#8221; custom_margin=&#8221;10%|8px||8px|false|true&#8221; header_3_text_align_tablet=&#8221;left&#8221; header_3_text_align_phone=&#8221;left&#8221; header_3_text_align_last_edited=&#8221;on|desktop&#8221; header_4_text_align_tablet=&#8221;left&#8221; header_4_text_align_phone=&#8221;left&#8221; header_4_text_align_last_edited=&#8221;on|desktop&#8221; locked=&#8221;off&#8221; global_colors_info=&#8221;{}&#8221;]<\/p>\n<h3><strong>Muzej grada Rijeke<\/strong><\/h3>\n<h4>Zapo\u010dnite svoju kulturnu avanturu u <a href=\"https:\/\/www.muzej-rijeka.hr\/en\/home\/\" target=\"_blank\" rel=\"noopener\"><span style=\"text-decoration: underline;\">Muzeju grada Rijeke<\/span><\/a>, smje\u0161tenom u srcu grada. Zapo\u010dnite svoju kulturnu avanturu u Muzeju grada Rijeke, smje\u0161tenom u srcu grada. Uronite u pri\u010de o ovom obalnom dragulju, od njegovih rimskih po\u010detaka do uloge sredi\u0161ta pomorske trgovine.<\/h4>\n<p>[\/et_pb_text][\/et_pb_column][et_pb_column type=&#8221;1_2&#8243; _builder_version=&#8221;4.21.2&#8243; _module_preset=&#8221;default&#8221; animation_style=&#8221;slide&#8221; animation_direction=&#8221;right&#8221; global_colors_info=&#8221;{}&#8221;][et_pb_text _builder_version=&#8221;4.22.2&#8243; _module_preset=&#8221;4b575a4a-2d00-492e-abca-979ed7a5ec71&#8243; header_3_font=&#8221;scotchdisplay-medium||||||||&#8221; header_3_text_align=&#8221;center&#8221; header_3_text_color=&#8221;#70B3B9&#8243; header_3_font_size=&#8221;26px&#8221; header_4_font=&#8221;scotchdisplay-medium||||||||&#8221; header_4_text_align=&#8221;center&#8221; header_4_text_color=&#8221;#122C54&#8243; header_4_font_size=&#8221;20px&#8221; background_enable_color=&#8221;off&#8221; custom_margin=&#8221;10%|8px||8px|false|true&#8221; header_3_text_align_tablet=&#8221;left&#8221; header_3_text_align_phone=&#8221;left&#8221; header_3_text_align_last_edited=&#8221;on|desktop&#8221; header_4_text_align_tablet=&#8221;left&#8221; header_4_text_align_phone=&#8221;left&#8221; header_4_text_align_last_edited=&#8221;on|desktop&#8221; locked=&#8221;off&#8221; global_colors_info=&#8221;{}&#8221;]<\/p>\n<h3><strong>Zavirite u pro\u0161lost uz Peek &amp; Poke:<\/strong><\/h3>\n<h4>Za jedinstveno iskustvo posjetite <a href=\"https:\/\/www.peekpoke.hr\/\" target=\"_blank\" rel=\"noopener\"><span style=\"text-decoration: underline;\">Muzej ra\u010dunala Peek &amp; Poke<\/span><\/a>, gdje \u0107ete otkriti evoluciju tehnologije. Od starinskih ra\u010dunala do retro igra\u0107ih konzola, ovaj muzej pru\u017ea fascinantan uvid u povijest digitalnog svijeta.<\/h4>\n<p>[\/et_pb_text][\/et_pb_column][\/et_pb_row][et_pb_row column_structure=&#8221;1_2,1_2&#8243; _builder_version=&#8221;4.21.2&#8243; _module_preset=&#8221;default&#8221; global_colors_info=&#8221;{}&#8221;][et_pb_column type=&#8221;1_2&#8243; _builder_version=&#8221;4.21.2&#8243; _module_preset=&#8221;default&#8221; animation_style=&#8221;slide&#8221; animation_direction=&#8221;left&#8221; global_colors_info=&#8221;{}&#8221;][et_pb_image src=&#8221;https:\/\/villaostrocroatia.com\/wp-content\/uploads\/2023\/09\/rijekamaritime.jpg&#8221; _builder_version=&#8221;4.22.1&#8243; _module_preset=&#8221;default&#8221; global_colors_info=&#8221;{}&#8221;][\/et_pb_image][\/et_pb_column][et_pb_column type=&#8221;1_2&#8243; _builder_version=&#8221;4.21.2&#8243; _module_preset=&#8221;default&#8221; animation_style=&#8221;slide&#8221; animation_direction=&#8221;right&#8221; global_colors_info=&#8221;{}&#8221;][et_pb_text _builder_version=&#8221;4.21.2&#8243; _module_preset=&#8221;4b575a4a-2d00-492e-abca-979ed7a5ec71&#8243; header_3_font=&#8221;scotchdisplay-medium||||||||&#8221; header_3_text_color=&#8221;#70B3B9&#8243; header_3_font_size=&#8221;26px&#8221; header_4_font=&#8221;scotchdisplay-medium||||||||&#8221; header_4_text_color=&#8221;#122C54&#8243; header_4_font_size=&#8221;20px&#8221; background_enable_color=&#8221;off&#8221; custom_margin=&#8221;14%|8px||8px|false|true&#8221; locked=&#8221;off&#8221; global_colors_info=&#8221;{}&#8221;]<\/p>\n<h3 style=\"text-align: left;\"><strong>Zavirite u pomorsku ba\u0161tinu<\/strong><\/h3>\n<h4 style=\"text-align: left;\">Nakon muzeja pro\u0161e\u0107ite slikovitom rije\u010dkom rivom, gdje na svakom koraku mo\u017eete do\u017eivjeti pomorsku povijest. Brodogra\u0111evna i trgova\u010dka povijest grada \u017eivo je prisutna u skulpturama i spomenicima, otkrivaju\u0107i Vam njegovu pomorsku pro\u0161lost.<\/h4>\n<p>[\/et_pb_text][\/et_pb_column][\/et_pb_row][et_pb_row column_structure=&#8221;1_2,1_2&#8243; _builder_version=&#8221;4.21.2&#8243; _module_preset=&#8221;default&#8221; global_colors_info=&#8221;{}&#8221;][et_pb_column type=&#8221;1_2&#8243; _builder_version=&#8221;4.21.2&#8243; _module_preset=&#8221;default&#8221; animation_style=&#8221;slide&#8221; animation_direction=&#8221;left&#8221; global_colors_info=&#8221;{}&#8221;][et_pb_text _builder_version=&#8221;4.22.2&#8243; _module_preset=&#8221;4b575a4a-2d00-492e-abca-979ed7a5ec71&#8243; header_3_font=&#8221;scotchdisplay-medium||||||||&#8221; header_3_text_color=&#8221;#70B3B9&#8243; header_3_font_size=&#8221;26px&#8221; header_4_font=&#8221;scotchdisplay-medium||||||||&#8221; header_4_text_color=&#8221;#122C54&#8243; header_4_font_size=&#8221;20px&#8221; background_enable_color=&#8221;off&#8221; custom_margin=&#8221;14%|8px||8px|false|true&#8221; locked=&#8221;off&#8221; global_colors_info=&#8221;{}&#8221;]<\/p>\n<h3 style=\"text-align: left;\"><strong>Popijte kavu na Korzu<\/strong><\/h3>\n<h4 style=\"text-align: left;\">Odmorite se u jednom od \u0161armantnih kafi\u0107a du\u017e <a href=\"https:\/\/visitrijeka.hr\/en\/korzo\/\" target=\"_blank\" rel=\"noopener\"><span style=\"text-decoration: underline;\">Korza,<\/span><\/a> glavne rije\u010dke \u0161etnice. U\u017eivajte u \u0161alici bogate hrvatske kave ili se prepustite lokalnom pecivu dok upijate \u017eivahnu atmosferu ove u\u017eurbane ulice.<\/h4>\n<p>[\/et_pb_text][\/et_pb_column][et_pb_column type=&#8221;1_2&#8243; _builder_version=&#8221;4.21.2&#8243; _module_preset=&#8221;default&#8221; animation_style=&#8221;slide&#8221; animation_direction=&#8221;right&#8221; global_colors_info=&#8221;{}&#8221;][et_pb_image src=&#8221;https:\/\/villaostrocroatia.com\/wp-content\/uploads\/2023\/09\/rijekacity.jpg&#8221; _builder_version=&#8221;4.22.1&#8243; _module_preset=&#8221;default&#8221; global_colors_info=&#8221;{}&#8221;][\/et_pb_image][\/et_pb_column][\/et_pb_row][\/et_pb_section][et_pb_section fb_built=&#8221;1&#8243; admin_label=&#8221;About&#8221; _builder_version=&#8221;4.21.2&#8243; _module_preset=&#8221;default&#8221; background_color=&#8221;rgba(146,187,195,0.2)&#8221; custom_padding=&#8221;||0px|||&#8221; collapsed=&#8221;off&#8221; global_colors_info=&#8221;{}&#8221;][et_pb_row custom_padding_last_edited=&#8221;on|desktop&#8221; _builder_version=&#8221;4.21.0&#8243; _module_preset=&#8221;default&#8221; custom_margin=&#8221;||||true|false&#8221; custom_padding=&#8221;5%||5%||true|false&#8221; custom_padding_tablet=&#8221;5%||5%||true|false&#8221; custom_padding_phone=&#8221;5%||5%||true|false&#8221; global_colors_info=&#8221;{}&#8221;][et_pb_column type=&#8221;4_4&#8243; _builder_version=&#8221;4.21.0&#8243; _module_preset=&#8221;default&#8221; global_colors_info=&#8221;{}&#8221;][et_pb_text _builder_version=&#8221;4.21.2&#8243; _module_preset=&#8221;a87fe72a-4e82-4721-bba4-6ebd63e72d5a&#8221; header_2_font=&#8221;scotchdisplay-medium||||||||&#8221; header_2_text_align=&#8221;center&#8221; header_2_text_color=&#8221;#122C54&#8243; header_2_font_size=&#8221;48px&#8221; animation_style=&#8221;fade&#8221; border_color_bottom=&#8221;#122C54&#8243; global_colors_info=&#8221;{}&#8221;]<\/p>\n<h2>Vrijeme je za odmor.<\/h2>\n<p>[\/et_pb_text][et_pb_button button_url=&#8221;https:\/\/villaostrocroatia.com\/#book&#8221; button_text=&#8221;Rezervirajte odmah&#8221; button_alignment=&#8221;center&#8221; _builder_version=&#8221;4.22.2&#8243; _module_preset=&#8221;default&#8221; custom_button=&#8221;on&#8221; button_text_size=&#8221;18px&#8221; button_text_color=&#8221;#FAFAFA&#8221; button_bg_color=&#8221;#B06642&#8243; button_border_color=&#8221;#B06642&#8243; button_border_radius=&#8221;12px&#8221; button_font=&#8221;scotchdisplay-medium||||||||&#8221; button_icon=&#8221;&#x24;||divi||400&#8243; custom_margin=&#8221;5%||||false|false&#8221; custom_padding=&#8221;||||false|false&#8221; button_text_shadow_style=&#8221;preset3&#8243; global_colors_info=&#8221;{}&#8221; button_bg_color__hover_enabled=&#8221;on|desktop&#8221; button_bg_color__hover=&#8221;rgba(176,102,66,0.9)&#8221; button_bg_enable_color__hover=&#8221;on&#8221; button_border_color__hover_enabled=&#8221;on|hover&#8221; button_border_color__hover=&#8221;#B06642&#8243;][\/et_pb_button][\/et_pb_column][\/et_pb_row][\/et_pb_section][et_pb_section fb_built=&#8221;1&#8243; fullwidth=&#8221;on&#8221; _builder_version=&#8221;4.21.2&#8243; _module_preset=&#8221;default&#8221; background_color=&#8221;#FAFAFA&#8221; global_colors_info=&#8221;{}&#8221;][et_pb_fullwidth_code _builder_version=&#8221;4.21.0&#8243; _module_preset=&#8221;default&#8221; background_color=&#8221;#fafafa&#8221; global_colors_info=&#8221;{}&#8221;]<iframe src=\"https:\/\/www.google.com\/maps\/embed?pb=!1m14!1m8!1m3!1d11233.232748825505!2d14.5703226!3d45.2617806!3m2!1i1024!2i768!4f13.1!3m3!1m2!1s0x476361bf90eb5f09%3A0x2f54e7e7dd485f41!2sVilla%20Ostro!5e0!3m2!1sen!2shr!4v1690801080650!5m2!1sen!2shr\" width=\"2000\" height=\"300\" style=\"border:0;\" allowfullscreen=\"\" loading=\"lazy\" referrerpolicy=\"no-referrer-when-downgrade\"><\/iframe>[\/et_pb_fullwidth_code][\/et_pb_section]<\/p>\n","protected":false},"excerpt":{"rendered":"<p>Poludnevni izletiUronite u obalni \u0161arm Kraljevice uz poludnevne izlete istra\u017euju\u0107i slikovite pla\u017ee, ljupka ribarska sela i vidikovce koji oduzimaju dah. Primorski \u0161arm Uronite u obalni \u0161arm brojnih gradova u blizini poput Crikvenica (ruta), Vrbnik(ruta), Krk(ruta) ili Opatija(ruta). Krenite na poludnevni izlet istra\u017euju\u0107i slikovite pla\u017ee poput pla\u017ee Jadranovo ili Ba\u0161ka, ljupka ribarska mjesta i vidikovce koji [&hellip;]<\/p>\n","protected":false},"author":1,"featured_media":0,"parent":0,"menu_order":0,"comment_status":"closed","ping_status":"closed","template":"","meta":{"_et_pb_use_builder":"on","_et_pb_old_content":"","_et_gb_content_width":"","footnotes":""},"class_list":["post-2261","page","type-page","status-publish","hentry"],"aioseo_notices":[],"_links":{"self":[{"href":"https:\/\/villaostrocroatia.com\/hr\/wp-json\/wp\/v2\/pages\/2261","targetHints":{"allow":["GET"]}}],"collection":[{"href":"https:\/\/villaostrocroatia.com\/hr\/wp-json\/wp\/v2\/pages"}],"about":[{"href":"https:\/\/villaostrocroatia.com\/hr\/wp-json\/wp\/v2\/types\/page"}],"author":[{"embeddable":true,"href":"https:\/\/villaostrocroatia.com\/hr\/wp-json\/wp\/v2\/users\/1"}],"replies":[{"embeddable":true,"href":"https:\/\/villaostrocroatia.com\/hr\/wp-json\/wp\/v2\/comments?post=2261"}],"version-history":[{"count":0,"href":"https:\/\/villaostrocroatia.com\/hr\/wp-json\/wp\/v2\/pages\/2261\/revisions"}],"wp:attachment":[{"href":"https:\/\/villaostrocroatia.com\/hr\/wp-json\/wp\/v2\/media?parent=2261"}],"curies":[{"name":"wp","href":"https:\/\/api.w.org\/{rel}","templated":true}]}}