{"id":2058,"date":"2023-08-08T11:26:27","date_gmt":"2023-08-08T11:26:27","guid":{"rendered":"https:\/\/villaostrocroatia.com\/gite-da-mezza-giornata\/"},"modified":"2024-03-21T14:57:11","modified_gmt":"2024-03-21T14:57:11","slug":"gite-da-mezza-giornata","status":"publish","type":"page","link":"https:\/\/villaostrocroatia.com\/it\/gite-da-mezza-giornata\/","title":{"rendered":"Gite da mezza giornata"},"content":{"rendered":"<p>[et_pb_section fb_built=&#8221;1&#8243; _builder_version=&#8221;4.22.2&#8243; _module_preset=&#8221;default&#8221; use_background_color_gradient=&#8221;on&#8221; background_color_gradient_stops=&#8221;rgba(0,0,0,0.35) 0%|rgba(0,0,0,0.35) 100%&#8221; background_color_gradient_overlays_image=&#8221;on&#8221; background_image=&#8221;https:\/\/villaostrocroatia.com\/wp-content\/uploads\/2023\/08\/pexels-peter-fazekas-12652573.jpg&#8221; height=&#8221;50vh&#8221; global_colors_info=&#8221;{}&#8221;][et_pb_row _builder_version=&#8221;4.21.2&#8243; _module_preset=&#8221;default&#8221; custom_margin=&#8221;||||false|false&#8221; custom_padding=&#8221;5%||||false|false&#8221; global_colors_info=&#8221;{}&#8221;][et_pb_column type=&#8221;4_4&#8243; _builder_version=&#8221;4.21.2&#8243; _module_preset=&#8221;default&#8221; global_colors_info=&#8221;{}&#8221;][et_pb_text _builder_version=&#8221;4.22.0&#8243; _module_preset=&#8221;a87fe72a-4e82-4721-bba4-6ebd63e72d5a&#8221; header_2_font=&#8221;scotchdisplay-medium||||||||&#8221; header_2_text_align=&#8221;center&#8221; header_2_text_color=&#8221;#FAFAFA&#8221; custom_padding_tablet=&#8221;&#8221; custom_padding_phone=&#8221;25%||||false|false&#8221; custom_padding_last_edited=&#8221;on|phone&#8221; scroll_vertical_motion=&#8221;10|50|50|50|8|0|0&#8243; border_width_bottom=&#8221;1px&#8221; border_color_bottom=&#8221;#FAFAFA&#8221; global_colors_info=&#8221;{}&#8221; header_2_text_color__hover_enabled=&#8221;on|hover&#8221; header_2_text_color__hover=&#8221;#FAFAFA&#8221;]<\/p>\n<h2>Gite da mezza giornata<\/h2>\n<p>[\/et_pb_text][et_pb_text _builder_version=&#8221;4.22.2&#8243; _module_preset=&#8221;default&#8221; text_font=&#8221;scotchdisplay-medium||||||||&#8221; text_text_color=&#8221;#FAFAFA&#8221; text_font_size=&#8221;16px&#8221; text_orientation=&#8221;center&#8221; text_orientation_tablet=&#8221;center&#8221; text_orientation_phone=&#8221;center&#8221; text_orientation_last_edited=&#8221;on|desktop&#8221; global_colors_info=&#8221;{}&#8221;]<\/p>\n<p><span>Immergiti nel fascino costiero di Kraljevica con una gita di mezza giornata esplorando spiagge pittoresche, pittoreschi villaggi di pescatori e punti panoramici mozzafiato. <\/span><\/p>\n<p>[\/et_pb_text][\/et_pb_column][\/et_pb_row][\/et_pb_section][et_pb_section fb_built=&#8221;1&#8243; _builder_version=&#8221;4.21.2&#8243; _module_preset=&#8221;default&#8221; background_color=&#8221;#FAFAFA&#8221; global_colors_info=&#8221;{}&#8221;][et_pb_row column_structure=&#8221;1_2,1_2&#8243; _builder_version=&#8221;4.21.2&#8243; _module_preset=&#8221;default&#8221; global_colors_info=&#8221;{}&#8221;][et_pb_column type=&#8221;1_2&#8243; _builder_version=&#8221;4.21.2&#8243; _module_preset=&#8221;default&#8221; animation_style=&#8221;slide&#8221; animation_direction=&#8221;left&#8221; global_colors_info=&#8221;{}&#8221;][et_pb_image src=&#8221;https:\/\/villaostrocroatia.com\/wp-content\/uploads\/2023\/09\/steptodown.com295230.jpg&#8221; _builder_version=&#8221;4.22.1&#8243; _module_preset=&#8221;default&#8221; global_colors_info=&#8221;{}&#8221;][\/et_pb_image][\/et_pb_column][et_pb_column type=&#8221;1_2&#8243; _builder_version=&#8221;4.21.2&#8243; _module_preset=&#8221;default&#8221; animation_style=&#8221;slide&#8221; animation_direction=&#8221;right&#8221; global_colors_info=&#8221;{}&#8221;][et_pb_text _builder_version=&#8221;4.24.2&#8243; _module_preset=&#8221;4b575a4a-2d00-492e-abca-979ed7a5ec71&#8243; header_3_font=&#8221;scotchdisplay-medium||||||||&#8221; header_3_text_color=&#8221;#70B3B9&#8243; header_3_font_size=&#8221;26px&#8221; header_4_font=&#8221;scotchdisplay-medium||||||||&#8221; header_4_text_color=&#8221;#122C54&#8243; header_4_font_size=&#8221;20px&#8221; background_enable_color=&#8221;off&#8221; custom_margin=&#8221;14%|8px||8px|false|true&#8221; hover_enabled=&#8221;0&#8243; locked=&#8221;off&#8221; global_colors_info=&#8221;{}&#8221; sticky_enabled=&#8221;0&#8243;]<\/p>\n<h3 style=\"text-align: left;\"><strong>Fascino costiero<\/strong><\/h3>\n<h4 style=\"text-align: left;\">Immergiti nel fascino costiero di molte delle citt\u00e0 nelle vicinanze come <a href=\"https:\/\/www.rivieracrikvenica.com\/\" target=\"_blank\" rel=\"noopener\"><span style=\"text-decoration: underline;\">Crikvenica<\/span><\/a><span style=\"text-decoration: underline;\"> (<a href=\"https:\/\/www.google.com\/maps\/dir\/Villa+Ostro,+Ul.+Marijana+Jurkovi%C4%87a+22,+51262,+Kraljevica\/Crikvenica\/@45.2199411,14.5948444,13z\/data=!3m1!4b1!4m14!4m13!1m5!1m1!1s0x476361bf90eb5f09:0x2f54e7e7dd485f41!2m2!1d14.5703353!2d45.2617732!1m5!1m1!1s0x47637b8182355203:0xab5feb426599e29!2m2!1d14.6915049!2d45.173583!3e0?entry=ttu\">itinerario<\/a>)<\/span>,  <a href=\"https:\/\/vrbnik.hr\/en\/\" target=\"_blank\" rel=\"noopener\"><span style=\"text-decoration: underline;\">Verbenico<\/span><\/a><span style=\"text-decoration: underline;\">(<a href=\"https:\/\/www.google.com\/maps\/dir\/Villa+Ostro,+Ul.+Marijana+Jurkovi%C4%87a+22,+51262,+Kraljevica\/Vrbnik\/@45.1490554,14.4411152,11z\/data=!3m1!4b1!4m14!4m13!1m5!1m1!1s0x476361bf90eb5f09:0x2f54e7e7dd485f41!2m2!1d14.5703353!2d45.2617732!1m5!1m1!1s0x476370d96f1f3b97:0x7b33b6d523580153!2m2!1d14.6752504!2d45.0757288!3e0?entry=ttu\">itinerario<\/a>)<\/span>, <a href=\"https:\/\/krk.hr\/en\/\" target=\"_blank\" rel=\"noopener\"><span style=\"text-decoration: underline;\">Veglia<\/span><\/a><span style=\"text-decoration: underline;\">(<a href=\"https:\/\/www.google.com\/maps\/dir\/Villa+Ostro,+Ul.+Marijana+Jurkovi%C4%87a+22,+51262,+Kraljevica\/Krk\/@45.1477331,14.3850259,11z\/data=!3m1!4b1!4m14!4m13!1m5!1m1!1s0x476361bf90eb5f09:0x2f54e7e7dd485f41!2m2!1d14.5703353!2d45.2617732!1m5!1m1!1s0x47637209729f04d1:0x26120dd1806a9b6a!2m2!1d14.5752114!2d45.0278995!3e0?entry=ttu\">itinerario<\/a>)<\/span> O <a href=\"https:\/\/www.visitopatija.com\/en\" target=\"_blank\" rel=\"noopener\"><span style=\"text-decoration: underline;\">Abbazia<\/span><\/a><span style=\"text-decoration: underline;\">(<a href=\"https:\/\/www.google.com\/maps\/dir\/Villa+Ostro,+Ul.+Marijana+Jurkovi%C4%87a+22,+51262,+Kraljevica\/Opatija\/@45.3093889,14.3729118,12z\/data=!3m1!4b1!4m14!4m13!1m5!1m1!1s0x476361bf90eb5f09:0x2f54e7e7dd485f41!2m2!1d14.5703353!2d45.2617732!1m5!1m1!1s0x4764a84acbb5741b:0x400ad50862bc290!2m2!1d14.305196!2d45.3376197!3e0?entry=ttu\">itinerario<\/a>)<\/span>. Fai una gita di mezza giornata esplorando spiagge pittoresche come la spiaggia di Jadranovo o la spiaggia di Bescanuova (Baska), pittoreschi villaggi di pescatori e punti panoramici mozzafiato. Cattura l&#8217;essenza della costa adriatica mentre ti godi la rinfrescante brezza marina, oppure fai un giro <a href=\"https:\/\/tirafishing.com\/en\" target=\"_blank\" rel=\"noopener\"><span style=\"text-decoration: underline;\"><em>avventura di pesca del tonn<\/em> <em>o<\/em><\/span><\/a><span style=\"text-decoration: underline;\">(<a href=\"https:\/\/www.google.com\/maps\/dir\/Villa+Ostro,+Ul.+Marijana+Jurkovi%C4%87a+22,+51262,+Kraljevica\/Tira+fishing+%26+charter,+Bakarac,+Kraljevica\/@45.2678909,14.5629368,15z\/data=!4m14!4m13!1m5!1m1!1s0x476361bf90eb5f09:0x2f54e7e7dd485f41!2m2!1d14.5703353!2d45.2617732!1m5!1m1!1s0x47649fa5b2a32c07:0xd17da3e253aa0762!2m2!1d14.5811923!2d45.2813727!3e0?entry=ttu\">route<\/a>)<\/span>.<\/h4>\n<p>[\/et_pb_text][\/et_pb_column][\/et_pb_row][et_pb_row column_structure=&#8221;1_2,1_2&#8243; _builder_version=&#8221;4.21.2&#8243; _module_preset=&#8221;default&#8221; global_colors_info=&#8221;{}&#8221;][et_pb_column type=&#8221;1_2&#8243; _builder_version=&#8221;4.21.2&#8243; _module_preset=&#8221;default&#8221; animation_style=&#8221;slide&#8221; animation_direction=&#8221;left&#8221; global_colors_info=&#8221;{}&#8221;][et_pb_text _builder_version=&#8221;4.22.2&#8243; _module_preset=&#8221;4b575a4a-2d00-492e-abca-979ed7a5ec71&#8243; header_3_font=&#8221;scotchdisplay-medium||||||||&#8221; header_3_text_color=&#8221;#70B3B9&#8243; header_3_font_size=&#8221;26px&#8221; header_4_font=&#8221;scotchdisplay-medium||||||||&#8221; header_4_text_color=&#8221;#122C54&#8243; header_4_font_size=&#8221;20px&#8221; background_enable_color=&#8221;off&#8221; custom_margin=&#8221;14%|8px||8px|false|true&#8221; locked=&#8221;off&#8221; global_colors_info=&#8221;{}&#8221;]<\/p>\n<h3 style=\"text-align: left;\"><strong>Patrimonio culturale<\/strong><\/h3>\n<h4 style=\"text-align: left;\">Esplora il ricco patrimonio culturale della regione con una gita di mezza giornata verso monumenti storici, antiche rovine e citt\u00e0 affascinanti. Scopri le storie affascinanti che hanno creato l&#8217;identit\u00e0 locale. Inizia con Porto R\u00e8 (Kraljevica) al museo locale per una storia sull&#8217;eredit\u00e0 <a href=\"https:\/\/frankopani.eu\/en\/\" target=\"_blank\" rel=\"noopener\"><span style=\"text-decoration: underline;\"> dei Francopani (Frankopan)<\/span><\/a>. Castelli, citt\u00e0 fortificate, battaglie, drammi personali\u2026<\/h4>\n<p>[\/et_pb_text][\/et_pb_column][et_pb_column type=&#8221;1_2&#8243; _builder_version=&#8221;4.21.2&#8243; _module_preset=&#8221;default&#8221; animation_style=&#8221;slide&#8221; animation_direction=&#8221;right&#8221; global_colors_info=&#8221;{}&#8221;][et_pb_image src=&#8221;https:\/\/villaostrocroatia.com\/wp-content\/uploads\/2023\/09\/pexels-vladimir-srajber-12124897.jpg&#8221; _builder_version=&#8221;4.22.1&#8243; _module_preset=&#8221;default&#8221; global_colors_info=&#8221;{}&#8221;][\/et_pb_image][\/et_pb_column][\/et_pb_row][et_pb_row _builder_version=&#8221;4.22.1&#8243; _module_preset=&#8221;default&#8221; custom_padding=&#8221;||2px|||&#8221; global_colors_info=&#8221;{}&#8221;][et_pb_column type=&#8221;4_4&#8243; _builder_version=&#8221;4.22.1&#8243; _module_preset=&#8221;default&#8221; global_colors_info=&#8221;{}&#8221;][et_pb_text _builder_version=&#8221;4.24.2&#8243; _module_preset=&#8221;4b575a4a-2d00-492e-abca-979ed7a5ec71&#8243; header_3_font=&#8221;scotchdisplay-medium||||||||&#8221; header_3_text_align=&#8221;center&#8221; header_3_text_color=&#8221;#70B3B9&#8243; header_3_font_size=&#8221;30px&#8221; header_4_font=&#8221;scotchdisplay-medium||||||||&#8221; header_4_text_align=&#8221;center&#8221; header_4_text_color=&#8221;#122C54&#8243; header_4_font_size=&#8221;20px&#8221; background_enable_color=&#8221;off&#8221; custom_margin=&#8221;3%|8px||8px|false|true&#8221; hover_enabled=&#8221;0&#8243; header_3_text_align_tablet=&#8221;left&#8221; header_3_text_align_phone=&#8221;left&#8221; header_3_text_align_last_edited=&#8221;on|desktop&#8221; header_4_text_align_tablet=&#8221;left&#8221; header_4_text_align_phone=&#8221;left&#8221; header_4_text_align_last_edited=&#8221;on|desktop&#8221; locked=&#8221;off&#8221; global_colors_info=&#8221;{}&#8221; sticky_enabled=&#8221;0&#8243;]<\/p>\n<h3><strong>Alla scoperta dei tesori culturali di Fiume<\/strong><\/h3>\n<h4>Scopri il vibrante arazzo culturale di <a href=\"https:\/\/www.rijeka.hr\/en\/\" target=\"_blank\" rel=\"noopener\"><span style=\"text-decoration: underline;\">Fiume<\/span><\/a><a href=\"https:\/\/www.google.com\/maps\/dir\/Villa+Ostro,+Ul.+Marijana+Jurkovi%C4%87a+22,+51262,+Kraljevica\/Rijeka\/@45.2923139,14.4805805,13z\/data=!3m1!4b1!4m14!4m13!1m5!1m1!1s0x476361bf90eb5f09:0x2f54e7e7dd485f41!2m2!1d14.5703353!2d45.2617732!1m5!1m1!1s0x4764a12517aabe2d:0x373c6f383dcbb670!2m2!1d14.442176!2d45.3270631!3e0?entry=ttu\"> (itinerario)<\/a>, una citt\u00e0 che fonde perfettamente storia, arte e innovazione. Questa escursione di mezza giornata promette di portarti in un viaggio nel tempo e nella creativit\u00e0, mentre esplori <a href=\"https:\/\/www.rijeka.hr\/en\/city-government\/institutions\/cultural-institutions\/\" target=\"_blank\" rel=\"noopener\"><span style=\"text-decoration: underline;\">musei<\/span><\/a>, <a href=\"https:\/\/visitrijeka.hr\/en\/history\/\" target=\"_blank\" rel=\"noopener\"><span style=\"text-decoration: underline;\">siti storici<\/span><\/a>, e <a href=\"https:\/\/visitrijeka.hr\/en\/city\/\" target=\"_blank\" rel=\"noopener\"><span style=\"text-decoration: underline;\">tesori locali<\/span><\/a>. Fiume \u00e8 nota anche come la citt\u00e0 in cui fu inventato per <a href=\"https:\/\/visitrijeka.hr\/en\/torpedo\/\" target=\"_blank\" rel=\"noopener\"><span style=\"text-decoration: underline;\"> la prima volta il siluro,<\/span><\/a><span>un&#8217;arma navale rivoluzionaria. Un fatto ancora pi\u00f9 singolare \u00e8 che Fiume \u00e8 famosa per avere conservato nel Museo marittimo e storico di Fiume l&#8217;unico<a href=\"https:\/\/visitrijeka.hr\/en\/titanic-carpathia-rijeka\/\" target=\"_blank\" rel=\"noopener\"><span style=\"text-decoration: underline;\"> giubbotto di salvataggio del Titanic<\/span><\/a> <\/span><span>situato in <a href=\"https:\/\/ppmhp.hr\/en\/\" target=\"_blank\" rel=\"noopener\"><span style=\"text-decoration: underline;\">Europa<\/span><\/a>.<\/span><\/h4>\n<p>[\/et_pb_text][et_pb_image src=&#8221;https:\/\/villaostrocroatia.com\/wp-content\/uploads\/2024\/03\/1-scaled.jpg&#8221; _builder_version=&#8221;4.24.2&#8243; _module_preset=&#8221;default&#8221; hover_enabled=&#8221;0&#8243; sticky_enabled=&#8221;0&#8243; max_width=&#8221;80%&#8221; module_alignment=&#8221;center&#8221;][\/et_pb_image][\/et_pb_column][\/et_pb_row][et_pb_row column_structure=&#8221;1_2,1_2&#8243; _builder_version=&#8221;4.21.2&#8243; _module_preset=&#8221;default&#8221; global_colors_info=&#8221;{}&#8221;][et_pb_column type=&#8221;1_2&#8243; _builder_version=&#8221;4.21.2&#8243; _module_preset=&#8221;default&#8221; animation_style=&#8221;slide&#8221; animation_direction=&#8221;left&#8221; global_colors_info=&#8221;{}&#8221;][et_pb_text _builder_version=&#8221;4.22.2&#8243; _module_preset=&#8221;4b575a4a-2d00-492e-abca-979ed7a5ec71&#8243; header_3_font=&#8221;scotchdisplay-medium||||||||&#8221; header_3_text_align=&#8221;center&#8221; header_3_text_color=&#8221;#70B3B9&#8243; header_3_font_size=&#8221;26px&#8221; header_4_font=&#8221;scotchdisplay-medium||||||||&#8221; header_4_text_align=&#8221;center&#8221; header_4_text_color=&#8221;#122C54&#8243; header_4_font_size=&#8221;20px&#8221; background_enable_color=&#8221;off&#8221; custom_margin=&#8221;10%|8px||8px|false|true&#8221; header_3_text_align_tablet=&#8221;left&#8221; header_3_text_align_phone=&#8221;left&#8221; header_3_text_align_last_edited=&#8221;on|desktop&#8221; header_4_text_align_tablet=&#8221;left&#8221; header_4_text_align_phone=&#8221;left&#8221; header_4_text_align_last_edited=&#8221;on|desktop&#8221; locked=&#8221;off&#8221; global_colors_info=&#8221;{}&#8221;]<\/p>\n<h3><strong>Museo Civico di Fiume<\/strong><\/h3>\n<h4>Inizia la tua avventura culturale al <a href=\"https:\/\/www.muzej-rijeka.hr\/en\/home\/\" target=\"_blank\" rel=\"noopener\"><span style=\"text-decoration: underline;\">Museo civico di Fiume<\/span><\/a>, situato nel cuore della citt\u00e0. Questo museo \u00e8 uno scrigno della ricca storia di Fiume, con mostre che spaziano dalla preistoria all&#8217;era moderna. Immergiti nelle storie di questo gioiello costiero, dalle sue origini romane al suo ruolo di centro del commercio marittimo.<\/h4>\n<p>[\/et_pb_text][\/et_pb_column][et_pb_column type=&#8221;1_2&#8243; _builder_version=&#8221;4.21.2&#8243; _module_preset=&#8221;default&#8221; animation_style=&#8221;slide&#8221; animation_direction=&#8221;right&#8221; global_colors_info=&#8221;{}&#8221;][et_pb_text _builder_version=&#8221;4.22.2&#8243; _module_preset=&#8221;4b575a4a-2d00-492e-abca-979ed7a5ec71&#8243; header_3_font=&#8221;scotchdisplay-medium||||||||&#8221; header_3_text_align=&#8221;center&#8221; header_3_text_color=&#8221;#70B3B9&#8243; header_3_font_size=&#8221;26px&#8221; header_4_font=&#8221;scotchdisplay-medium||||||||&#8221; header_4_text_align=&#8221;center&#8221; header_4_text_color=&#8221;#122C54&#8243; header_4_font_size=&#8221;20px&#8221; background_enable_color=&#8221;off&#8221; custom_margin=&#8221;10%|8px||8px|false|true&#8221; header_3_text_align_tablet=&#8221;left&#8221; header_3_text_align_phone=&#8221;left&#8221; header_3_text_align_last_edited=&#8221;on|desktop&#8221; header_4_text_align_tablet=&#8221;left&#8221; header_4_text_align_phone=&#8221;left&#8221; header_4_text_align_last_edited=&#8221;on|desktop&#8221; locked=&#8221;off&#8221; global_colors_info=&#8221;{}&#8221;]<\/p>\n<h3><strong>Sbircia nel passato con Peek &amp; Poke:<\/strong><\/h3>\n<h4>Per un&#8217;esperienza unica, visita il <a href=\"https:\/\/www.peekpoke.hr\/\" target=\"_blank\" rel=\"noopener\"><span style=\"text-decoration: underline;\">Peek &amp; Poke Computer Museo<\/span><\/a>, dove scoprirai l&#8217;evoluzione della tecnologia. Dai computer vintage alle console di gioco retr\u00f2, questo museo offre uno sguardo affascinante sulla storia del mondo digitale.<\/h4>\n<p>[\/et_pb_text][\/et_pb_column][\/et_pb_row][et_pb_row column_structure=&#8221;1_2,1_2&#8243; _builder_version=&#8221;4.21.2&#8243; _module_preset=&#8221;default&#8221; global_colors_info=&#8221;{}&#8221;][et_pb_column type=&#8221;1_2&#8243; _builder_version=&#8221;4.21.2&#8243; _module_preset=&#8221;default&#8221; animation_style=&#8221;slide&#8221; animation_direction=&#8221;left&#8221; global_colors_info=&#8221;{}&#8221;][et_pb_image src=&#8221;https:\/\/villaostrocroatia.com\/wp-content\/uploads\/2023\/09\/rijekamaritime.jpg&#8221; _builder_version=&#8221;4.22.1&#8243; _module_preset=&#8221;default&#8221; global_colors_info=&#8221;{}&#8221;][\/et_pb_image][\/et_pb_column][et_pb_column type=&#8221;1_2&#8243; _builder_version=&#8221;4.21.2&#8243; _module_preset=&#8221;default&#8221; animation_style=&#8221;slide&#8221; animation_direction=&#8221;right&#8221; global_colors_info=&#8221;{}&#8221;][et_pb_text _builder_version=&#8221;4.21.2&#8243; _module_preset=&#8221;4b575a4a-2d00-492e-abca-979ed7a5ec71&#8243; header_3_font=&#8221;scotchdisplay-medium||||||||&#8221; header_3_text_color=&#8221;#70B3B9&#8243; header_3_font_size=&#8221;26px&#8221; header_4_font=&#8221;scotchdisplay-medium||||||||&#8221; header_4_text_color=&#8221;#122C54&#8243; header_4_font_size=&#8221;20px&#8221; background_enable_color=&#8221;off&#8221; custom_margin=&#8221;14%|8px||8px|false|true&#8221; locked=&#8221;off&#8221; global_colors_info=&#8221;{}&#8221;]<\/p>\n<h3 style=\"text-align: left;\"><strong>Esplora il patrimonio marittimo<\/strong><\/h3>\n<h4 style=\"text-align: left;\">Dopo il museo, fai una passeggiata lungo il pittoresco lungomare di Fiume, dove incontrerai la storia marittima ad ogni angolo. L&#8217;industria storica della navigazione e del commercio della citt\u00e0 \u00e8 vividamente mostrata attraverso sculture e monumenti, dandoti uno sguardo al suo passato marittimo.<\/h4>\n<p>[\/et_pb_text][\/et_pb_column][\/et_pb_row][et_pb_row column_structure=&#8221;1_2,1_2&#8243; _builder_version=&#8221;4.21.2&#8243; _module_preset=&#8221;default&#8221; global_colors_info=&#8221;{}&#8221;][et_pb_column type=&#8221;1_2&#8243; _builder_version=&#8221;4.21.2&#8243; _module_preset=&#8221;default&#8221; animation_style=&#8221;slide&#8221; animation_direction=&#8221;left&#8221; global_colors_info=&#8221;{}&#8221;][et_pb_text _builder_version=&#8221;4.22.2&#8243; _module_preset=&#8221;4b575a4a-2d00-492e-abca-979ed7a5ec71&#8243; header_3_font=&#8221;scotchdisplay-medium||||||||&#8221; header_3_text_color=&#8221;#70B3B9&#8243; header_3_font_size=&#8221;26px&#8221; header_4_font=&#8221;scotchdisplay-medium||||||||&#8221; header_4_text_color=&#8221;#122C54&#8243; header_4_font_size=&#8221;20px&#8221; background_enable_color=&#8221;off&#8221; custom_margin=&#8221;14%|8px||8px|false|true&#8221; locked=&#8221;off&#8221; global_colors_info=&#8221;{}&#8221;]<\/p>\n<h3 style=\"text-align: left;\"><strong>Pausa caff\u00e8 al Corso<\/strong><\/h3>\n<h4 style=\"text-align: left;\">Fatti una piacevole pausa in uno degli affascinanti caff\u00e8 lungo il<a href=\"https:\/\/visitrijeka.hr\/en\/korzo\/\" target=\"_blank\" rel=\"noopener\"><span style=\"text-decoration: underline;\">Corso<\/span><\/a>, la via principale di Fiume. Assapora una tazza di caff\u00e8 o concediti un dolce locale mentre ti immergi nell&#8217;atmosfera multiculturale della citt\u00e0, che va dall&#8217;impero Romano, ai periodi della monarchia Asburgica e quella Italiana, a periodi in cui \u00e8 esistito lo stato indipendente di Fiume.<\/h4>\n<p>[\/et_pb_text][\/et_pb_column][et_pb_column type=&#8221;1_2&#8243; _builder_version=&#8221;4.21.2&#8243; _module_preset=&#8221;default&#8221; animation_style=&#8221;slide&#8221; animation_direction=&#8221;right&#8221; global_colors_info=&#8221;{}&#8221;][et_pb_image src=&#8221;https:\/\/villaostrocroatia.com\/wp-content\/uploads\/2023\/09\/rijekacity.jpg&#8221; _builder_version=&#8221;4.22.1&#8243; _module_preset=&#8221;default&#8221; global_colors_info=&#8221;{}&#8221;][\/et_pb_image][\/et_pb_column][\/et_pb_row][\/et_pb_section][et_pb_section fb_built=&#8221;1&#8243; admin_label=&#8221;About&#8221; _builder_version=&#8221;4.21.2&#8243; _module_preset=&#8221;default&#8221; background_color=&#8221;rgba(146,187,195,0.2)&#8221; custom_padding=&#8221;||0px|||&#8221; collapsed=&#8221;off&#8221; global_colors_info=&#8221;{}&#8221;][et_pb_row custom_padding_last_edited=&#8221;on|desktop&#8221; _builder_version=&#8221;4.21.0&#8243; _module_preset=&#8221;default&#8221; custom_margin=&#8221;||||true|false&#8221; custom_padding=&#8221;5%||5%||true|false&#8221; custom_padding_tablet=&#8221;5%||5%||true|false&#8221; custom_padding_phone=&#8221;5%||5%||true|false&#8221; global_colors_info=&#8221;{}&#8221;][et_pb_column type=&#8221;4_4&#8243; _builder_version=&#8221;4.21.0&#8243; _module_preset=&#8221;default&#8221; global_colors_info=&#8221;{}&#8221;][et_pb_text _builder_version=&#8221;4.21.2&#8243; _module_preset=&#8221;a87fe72a-4e82-4721-bba4-6ebd63e72d5a&#8221; header_2_font=&#8221;scotchdisplay-medium||||||||&#8221; header_2_text_align=&#8221;center&#8221; header_2_text_color=&#8221;#122C54&#8243; header_2_font_size=&#8221;48px&#8221; animation_style=&#8221;fade&#8221; border_color_bottom=&#8221;#122C54&#8243; global_colors_info=&#8221;{}&#8221;]<\/p>\n<h2>Via veloce alle tue vacanze.<\/h2>\n<p>[\/et_pb_text][et_pb_button button_url=&#8221;https:\/\/villaostrocroatia.com\/#book&#8221; button_text=&#8221;Prenota ora&#8221; button_alignment=&#8221;center&#8221; _builder_version=&#8221;4.22.2&#8243; _module_preset=&#8221;default&#8221; custom_button=&#8221;on&#8221; button_text_size=&#8221;18px&#8221; button_text_color=&#8221;#FAFAFA&#8221; button_bg_color=&#8221;#B06642&#8243; button_border_color=&#8221;#B06642&#8243; button_border_radius=&#8221;12px&#8221; button_font=&#8221;scotchdisplay-medium||||||||&#8221; button_icon=&#8221;&#x24;||divi||400&#8243; custom_margin=&#8221;5%||||false|false&#8221; custom_padding=&#8221;||||false|false&#8221; button_text_shadow_style=&#8221;preset3&#8243; global_colors_info=&#8221;{}&#8221; button_bg_color__hover_enabled=&#8221;on|desktop&#8221; button_bg_color__hover=&#8221;rgba(176,102,66,0.9)&#8221; button_bg_enable_color__hover=&#8221;on&#8221; button_border_color__hover_enabled=&#8221;on|hover&#8221; button_border_color__hover=&#8221;#B06642&#8243;][\/et_pb_button][\/et_pb_column][\/et_pb_row][\/et_pb_section][et_pb_section fb_built=&#8221;1&#8243; fullwidth=&#8221;on&#8221; _builder_version=&#8221;4.21.2&#8243; _module_preset=&#8221;default&#8221; background_color=&#8221;#FAFAFA&#8221; global_colors_info=&#8221;{}&#8221;][et_pb_fullwidth_code _builder_version=&#8221;4.21.0&#8243; _module_preset=&#8221;default&#8221; background_color=&#8221;#fafafa&#8221; global_colors_info=&#8221;{}&#8221;]<iframe src=\"https:\/\/www.google.com\/maps\/embed?pb=!1m14!1m8!1m3!1d11233.232748825505!2d14.5703226!3d45.2617806!3m2!1i1024!2i768!4f13.1!3m3!1m2!1s0x476361bf90eb5f09%3A0x2f54e7e7dd485f41!2sVilla%20Ostro!5e0!3m2!1sen!2shr!4v1690801080650!5m2!1sen!2shr\" width=\"2000\" height=\"300\" style=\"border:0;\" allowfullscreen=\"\" loading=\"lazy\" referrerpolicy=\"no-referrer-when-downgrade\"><\/iframe>[\/et_pb_fullwidth_code][\/et_pb_section]<\/p>\n","protected":false},"excerpt":{"rendered":"<p>Gite da mezza giornataImmergiti nel fascino costiero di Kraljevica con una gita di mezza giornata esplorando spiagge pittoresche, pittoreschi villaggi di pescatori e punti panoramici mozzafiato. Fascino costiero Immergiti nel fascino costiero di molte delle citt\u00e0 nelle vicinanze come Crikvenica (itinerario), Verbenico(itinerario), Veglia(itinerario) O Abbazia(itinerario). Fai una gita di mezza giornata esplorando spiagge pittoresche come [&hellip;]<\/p>\n","protected":false},"author":1,"featured_media":0,"parent":0,"menu_order":0,"comment_status":"closed","ping_status":"closed","template":"","meta":{"_et_pb_use_builder":"on","_et_pb_old_content":"","_et_gb_content_width":"","footnotes":""},"class_list":["post-2058","page","type-page","status-publish","hentry"],"aioseo_notices":[],"_links":{"self":[{"href":"https:\/\/villaostrocroatia.com\/it\/wp-json\/wp\/v2\/pages\/2058","targetHints":{"allow":["GET"]}}],"collection":[{"href":"https:\/\/villaostrocroatia.com\/it\/wp-json\/wp\/v2\/pages"}],"about":[{"href":"https:\/\/villaostrocroatia.com\/it\/wp-json\/wp\/v2\/types\/page"}],"author":[{"embeddable":true,"href":"https:\/\/villaostrocroatia.com\/it\/wp-json\/wp\/v2\/users\/1"}],"replies":[{"embeddable":true,"href":"https:\/\/villaostrocroatia.com\/it\/wp-json\/wp\/v2\/comments?post=2058"}],"version-history":[{"count":0,"href":"https:\/\/villaostrocroatia.com\/it\/wp-json\/wp\/v2\/pages\/2058\/revisions"}],"wp:attachment":[{"href":"https:\/\/villaostrocroatia.com\/it\/wp-json\/wp\/v2\/media?parent=2058"}],"curies":[{"name":"wp","href":"https:\/\/api.w.org\/{rel}","templated":true}]}}